{"id":1277,"date":"2018-11-12T11:40:24","date_gmt":"2018-11-12T10:40:24","guid":{"rendered":"https:\/\/covertcabin.com\/?page_id=1277"},"modified":"2024-10-01T11:47:29","modified_gmt":"2024-10-01T09:47:29","slug":"cabane-du-pecheur","status":"publish","type":"page","link":"https:\/\/covertcabin.com\/fr\/cabane-du-pecheur\/","title":{"rendered":"La Cabane du P\u00eacheur : Cabane Lacustre Pour 2-4 Personnes"},"content":{"rendered":"<h2>Cabane du P\u00eacheur : 2-4 Personnes<\/h2>\n<p>Tout au fond d\u2019un chemin, un peu apr\u00e8s le vieux ch\u00e2teau du 9\u00e8me si\u00e8cle, se trouve la Cabane du P\u00eacheur. Perch\u00e9e sur une roche granitique qui donne sur l\u2019\u00e9tang, cette cabane n\u2019est qu\u2019\u00e0 quelques pas de la for\u00eat. Elle a \u00e9t\u00e9 construite par nos soins en bois local, coup\u00e9 dans la scierie de Bob.<\/p>\n<h2>Faites le Tour de la Cabane du P\u00eacheur<\/h2>\n<div class=\"videoWrapper clearfix\"><iframe src=\"https:\/\/www.youtube-nocookie.com\/embed\/p1_3T-uKIPE\" frameborder=\"0\" allowfullscreen=\"allowfullscreen\"><\/iframe><\/div>\n<div id='gallery-1' class='gallery galleryid-1277 gallery-columns-4 gallery-size-thumbnail'><figure class='gallery-item'>\n\t\t\t<div class='gallery-icon landscape'>\n\t\t\t\t<a href='https:\/\/covertcabin.com\/wp-content\/uploads\/2019\/05\/fishermans-cabin-2019-close-up.jpg'><img loading=\"lazy\" decoding=\"async\" width=\"150\" height=\"150\" src=\"https:\/\/covertcabin.com\/wp-content\/uploads\/2019\/05\/fishermans-cabin-2019-close-up-150x150.jpg\" class=\"attachment-thumbnail size-thumbnail\" alt=\"\" aria-describedby=\"gallery-1-1643\" srcset=\"https:\/\/covertcabin.com\/wp-content\/uploads\/2019\/05\/fishermans-cabin-2019-close-up-150x150.jpg 150w, https:\/\/covertcabin.com\/wp-content\/uploads\/2019\/05\/fishermans-cabin-2019-close-up-250x250.jpg 250w\" sizes=\"auto, (max-width: 150px) 100vw, 150px\" \/><\/a>\n\t\t\t<\/div>\n\t\t\t\t<figcaption class='wp-caption-text gallery-caption' id='gallery-1-1643'>\n\t\t\t\tCabane du Pecheur\n\t\t\t\t<\/figcaption><\/figure><figure class='gallery-item'>\n\t\t\t<div class='gallery-icon landscape'>\n\t\t\t\t<a href='https:\/\/covertcabin.com\/wp-content\/uploads\/2024\/10\/1.-lakeside-cabin-view-scaled.jpg'><img loading=\"lazy\" decoding=\"async\" width=\"150\" height=\"150\" src=\"https:\/\/covertcabin.com\/wp-content\/uploads\/2024\/10\/1.-lakeside-cabin-view-150x150.jpg\" class=\"attachment-thumbnail size-thumbnail\" alt=\"\" aria-describedby=\"gallery-1-1899\" srcset=\"https:\/\/covertcabin.com\/wp-content\/uploads\/2024\/10\/1.-lakeside-cabin-view-150x150.jpg 150w, https:\/\/covertcabin.com\/wp-content\/uploads\/2024\/10\/1.-lakeside-cabin-view-250x250.jpg 250w\" sizes=\"auto, (max-width: 150px) 100vw, 150px\" \/><\/a>\n\t\t\t<\/div>\n\t\t\t\t<figcaption class='wp-caption-text gallery-caption' id='gallery-1-1899'>\n\t\t\t\texterior 2 cabane du pecheur\n\t\t\t\t<\/figcaption><\/figure><figure class='gallery-item'>\n\t\t\t<div class='gallery-icon landscape'>\n\t\t\t\t<a href='https:\/\/covertcabin.com\/wp-content\/uploads\/2024\/10\/13.Bedroom-1-Fishermans-Cabin-1-scaled.jpeg'><img loading=\"lazy\" decoding=\"async\" width=\"150\" height=\"150\" src=\"https:\/\/covertcabin.com\/wp-content\/uploads\/2024\/10\/13.Bedroom-1-Fishermans-Cabin-1-150x150.jpeg\" class=\"attachment-thumbnail size-thumbnail\" alt=\"\" aria-describedby=\"gallery-1-1919\" srcset=\"https:\/\/covertcabin.com\/wp-content\/uploads\/2024\/10\/13.Bedroom-1-Fishermans-Cabin-1-150x150.jpeg 150w, https:\/\/covertcabin.com\/wp-content\/uploads\/2024\/10\/13.Bedroom-1-Fishermans-Cabin-1-250x250.jpeg 250w\" sizes=\"auto, (max-width: 150px) 100vw, 150px\" \/><\/a>\n\t\t\t<\/div>\n\t\t\t\t<figcaption class='wp-caption-text gallery-caption' id='gallery-1-1919'>\n\t\t\t\tchambre cabane du pecheur\n\t\t\t\t<\/figcaption><\/figure><figure class='gallery-item'>\n\t\t\t<div class='gallery-icon landscape'>\n\t\t\t\t<a href='https:\/\/covertcabin.com\/wp-content\/uploads\/2024\/10\/2.-Interior-Fishermans-cabin-looking-out-scaled.jpg'><img loading=\"lazy\" decoding=\"async\" width=\"150\" height=\"150\" src=\"https:\/\/covertcabin.com\/wp-content\/uploads\/2024\/10\/2.-Interior-Fishermans-cabin-looking-out-150x150.jpg\" class=\"attachment-thumbnail size-thumbnail\" alt=\"\" aria-describedby=\"gallery-1-1901\" srcset=\"https:\/\/covertcabin.com\/wp-content\/uploads\/2024\/10\/2.-Interior-Fishermans-cabin-looking-out-150x150.jpg 150w, https:\/\/covertcabin.com\/wp-content\/uploads\/2024\/10\/2.-Interior-Fishermans-cabin-looking-out-250x250.jpg 250w\" sizes=\"auto, (max-width: 150px) 100vw, 150px\" \/><\/a>\n\t\t\t<\/div>\n\t\t\t\t<figcaption class='wp-caption-text gallery-caption' id='gallery-1-1901'>\n\t\t\t\tinterior cabane du pecheur\n\t\t\t\t<\/figcaption><\/figure><figure class='gallery-item'>\n\t\t\t<div class='gallery-icon landscape'>\n\t\t\t\t<a href='https:\/\/covertcabin.com\/wp-content\/uploads\/2024\/10\/5.-Fishermans-Cabin-deck-scaled.jpeg'><img loading=\"lazy\" decoding=\"async\" width=\"150\" height=\"150\" src=\"https:\/\/covertcabin.com\/wp-content\/uploads\/2024\/10\/5.-Fishermans-Cabin-deck-150x150.jpeg\" class=\"attachment-thumbnail size-thumbnail\" alt=\"\" aria-describedby=\"gallery-1-1907\" srcset=\"https:\/\/covertcabin.com\/wp-content\/uploads\/2024\/10\/5.-Fishermans-Cabin-deck-150x150.jpeg 150w, https:\/\/covertcabin.com\/wp-content\/uploads\/2024\/10\/5.-Fishermans-Cabin-deck-250x250.jpeg 250w\" sizes=\"auto, (max-width: 150px) 100vw, 150px\" \/><\/a>\n\t\t\t<\/div>\n\t\t\t\t<figcaption class='wp-caption-text gallery-caption' id='gallery-1-1907'>\n\t\t\t\tdeck cabane du pecheur\n\t\t\t\t<\/figcaption><\/figure><figure class='gallery-item'>\n\t\t\t<div class='gallery-icon landscape'>\n\t\t\t\t<a href='https:\/\/covertcabin.com\/wp-content\/uploads\/2024\/10\/4.Kitchen-Fishermans-Cabin-scaled.jpg'><img loading=\"lazy\" decoding=\"async\" width=\"150\" height=\"150\" src=\"https:\/\/covertcabin.com\/wp-content\/uploads\/2024\/10\/4.Kitchen-Fishermans-Cabin-150x150.jpg\" class=\"attachment-thumbnail size-thumbnail\" alt=\"\" aria-describedby=\"gallery-1-1905\" srcset=\"https:\/\/covertcabin.com\/wp-content\/uploads\/2024\/10\/4.Kitchen-Fishermans-Cabin-150x150.jpg 150w, https:\/\/covertcabin.com\/wp-content\/uploads\/2024\/10\/4.Kitchen-Fishermans-Cabin-250x250.jpg 250w\" sizes=\"auto, (max-width: 150px) 100vw, 150px\" \/><\/a>\n\t\t\t<\/div>\n\t\t\t\t<figcaption class='wp-caption-text gallery-caption' id='gallery-1-1905'>\n\t\t\t\tcuisine cabane du pecheur\n\t\t\t\t<\/figcaption><\/figure><figure class='gallery-item'>\n\t\t\t<div class='gallery-icon landscape'>\n\t\t\t\t<a href='https:\/\/covertcabin.com\/wp-content\/uploads\/2024\/10\/9.-Shower-room-Fishermans-Cabin-scaled.jpg'><img loading=\"lazy\" decoding=\"async\" width=\"150\" height=\"150\" src=\"https:\/\/covertcabin.com\/wp-content\/uploads\/2024\/10\/9.-Shower-room-Fishermans-Cabin-150x150.jpg\" class=\"attachment-thumbnail size-thumbnail\" alt=\"\" aria-describedby=\"gallery-1-1915\" srcset=\"https:\/\/covertcabin.com\/wp-content\/uploads\/2024\/10\/9.-Shower-room-Fishermans-Cabin-150x150.jpg 150w, https:\/\/covertcabin.com\/wp-content\/uploads\/2024\/10\/9.-Shower-room-Fishermans-Cabin-250x250.jpg 250w\" sizes=\"auto, (max-width: 150px) 100vw, 150px\" \/><\/a>\n\t\t\t<\/div>\n\t\t\t\t<figcaption class='wp-caption-text gallery-caption' id='gallery-1-1915'>\n\t\t\t\tdouche toilette seche\n\t\t\t\t<\/figcaption><\/figure><figure class='gallery-item'>\n\t\t\t<div class='gallery-icon landscape'>\n\t\t\t\t<a href='https:\/\/covertcabin.com\/wp-content\/uploads\/2024\/10\/7.-Lakeview-Fishermans-Cabin-1-scaled.jpeg'><img loading=\"lazy\" decoding=\"async\" width=\"150\" height=\"150\" src=\"https:\/\/covertcabin.com\/wp-content\/uploads\/2024\/10\/7.-Lakeview-Fishermans-Cabin-1-150x150.jpeg\" class=\"attachment-thumbnail size-thumbnail\" alt=\"\" aria-describedby=\"gallery-1-1911\" srcset=\"https:\/\/covertcabin.com\/wp-content\/uploads\/2024\/10\/7.-Lakeview-Fishermans-Cabin-1-150x150.jpeg 150w, https:\/\/covertcabin.com\/wp-content\/uploads\/2024\/10\/7.-Lakeview-Fishermans-Cabin-1-250x250.jpeg 250w\" sizes=\"auto, (max-width: 150px) 100vw, 150px\" \/><\/a>\n\t\t\t<\/div>\n\t\t\t\t<figcaption class='wp-caption-text gallery-caption' id='gallery-1-1911'>\n\t\t\t\tetang cabane du pecheur\n\t\t\t\t<\/figcaption><\/figure>\n\t\t<\/div>\n\n<p><a class=\"cta\" href=\"\/fr\/reserver\/\">R\u00e9server<\/a><\/p>\n<p>Son int\u00e9rieur a \u00e9t\u00e9 am\u00e9nag\u00e9e avec amour, et elle est une v\u00e9ritable mine de trucs \u00e0 d\u00e9couvrir\u00a0: des t\u00e9lescopes, des microscopes, des cannes \u00e0 p\u00eache, des bouquins sur la nature, du mat\u00e9riel artistique, et plein de petits trucs retrouv\u00e9s dans des vide-greniers locaux. Cette cabane peut accueillir jusqu\u2019\u00e0 quatre personnes. Les tarifs indiqu\u00e9s sont pour deux personnes. Deux lits suppl\u00e9mentaires peuvent \u00eatre install\u00e9s (dans un endroit avec hauteur limit\u00e9e) pour un suppl\u00e9ment de 15\u20ac par personne et par nuit.<\/p>\n<p>Des panneaux photovolta\u00efques alimentent les lumi\u00e8res, un po\u00eale \u00e0 bois assure la chaleur et chauffe aussi l\u2019eau, et il y a une toilette s\u00e8che. La cuisine est bien \u00e9quip\u00e9e, et il y a un grand lit au rez-de-chauss\u00e9e. \u00c0 l\u2019\u00e9tage se trouve une chambre \u00e0 deux lits avec vue sur l\u2019\u00e9tang. Cette chambre convient surtout aux petits, vue son hauteur limit\u00e9e.<\/p>\n<p>\u00c0 l\u2019ext\u00e9rieur, une terrasse avec barbecue donne sur l\u2019eau, o\u00f9 vous trouverez un radeau pour faire un tour sur l\u2019\u00e9tang avec sa petite cascade. Suivez le chemin pour d\u00e9couvrir les nombreux pistes qui traversent notre beau paysage local &#8211; ou pourquoi pas louer un v\u00e9lo pour vous rendre \u00e0 Pi\u00e9gut avec sa boulangerie et son fabuleux march\u00e9 hebdomadaire.<\/p>\n<p>Nous vous proposons aussi un service de d\u00e9pannage si jamais vous oubliez de faire vos courses, un service de pique nique, des th\u00e9s et caf\u00e9s, des produits de toilette et de nettoyage \u00e9cologiques, et bien plus aussi\u00a0!<\/p>\n<h2>S\u00e9journer \u00e0 La Cabane du P\u00eacheur<\/h2>\n<p>La Cabane du P\u00eacheur est disponible du 01 avril jusqu\u2019au 24 d\u00e9cembre. S\u00e9jour minimum de trois nuits. Pendant les mois de juillet et ao\u00fbt, les locations sont \u00e0 la semaine uniquement, de samedi \u00e0 samedi. Les tarifs indiqu\u00e9s sont pour deux personnes. Deux lits suppl\u00e9mentaires peuvent \u00eatre install\u00e9s (dans une pi\u00e8ce avec hauteur limit\u00e9e) pour 20\u20ac par personne et par nuit. L\u2019heure d\u2019arriv\u00e9e est 16h00, et l\u2019heure de d\u00e9part est 10h, sauf accord contraire.<\/p>\n<table class=\"pricelist\">\n<tbody>\n<tr class=\"toprow\">\n<td>P\u00e9riode<\/td>\n<td>La nuit :<\/td>\n<td>La semaine :<\/td>\n<\/tr>\n<tr>\n<td>Avril<\/td>\n<td>110\u20ac<\/td>\n<td>720\u20ac<\/td>\n<\/tr>\n<tr>\n<td>Mai &amp; Juin<\/td>\n<td>125\u20ac<\/td>\n<td>825\u20ac<\/td>\n<\/tr>\n<tr>\n<td>Juillet &amp; Ao\u00fbt<\/td>\n<td>&#8211;<\/td>\n<td>1000\u20ac<\/td>\n<\/tr>\n<tr>\n<td>Septembre &amp; Octobre<\/td>\n<td>125\u20ac<\/td>\n<td>825\u20ac<\/td>\n<\/tr>\n<tr>\n<td>01 Novembre &#8211; 24 D\u00e9cembre<\/td>\n<td>110\u20ac<\/td>\n<td>720\u20ac<\/td>\n<\/tr>\n<\/tbody>\n<\/table>\n<p><a class=\"cta\" href=\"\/fr\/reserver\/\">R\u00e9server<\/a><\/p>\n","protected":false},"excerpt":{"rendered":"<p>Cabane du P\u00eacheur : 2-4 Personnes Tout au fond d\u2019un chemin, un peu apr\u00e8s le vieux ch\u00e2teau du 9\u00e8me si\u00e8cle, se trouve la Cabane du P\u00eacheur. Perch\u00e9e sur une roche granitique qui donne sur l\u2019\u00e9tang, cette cabane n\u2019est qu\u2019\u00e0 quelques pas de la for\u00eat. Elle a \u00e9t\u00e9 construite par nos soins en bois local, coup\u00e9 [&hellip;]<\/p>\n","protected":false},"author":1,"featured_media":1953,"parent":0,"menu_order":0,"comment_status":"closed","ping_status":"closed","template":"","meta":{"footnotes":""},"class_list":["post-1277","page","type-page","status-publish","has-post-thumbnail","hentry","clearfix","post-index"],"yoast_head":"<!-- This site is optimized with the Yoast SEO plugin v27.3 - https:\/\/yoast.com\/product\/yoast-seo-wordpress\/ -->\n<title>Cabane du P\u00eacheur : Cabane Lacustre Pour 2-4 Personnes<\/title>\n<meta name=\"robots\" content=\"index, follow, max-snippet:-1, max-image-preview:large, max-video-preview:-1\" \/>\n<link rel=\"canonical\" href=\"https:\/\/covertcabin.com\/fr\/cabane-du-pecheur\/\" \/>\n<meta property=\"og:locale\" content=\"fr_FR\" \/>\n<meta property=\"og:type\" content=\"article\" \/>\n<meta property=\"og:title\" content=\"Cabane du P\u00eacheur : Cabane Lacustre Pour 2-4 Personnes\" \/>\n<meta property=\"og:description\" content=\"Cabane du P\u00eacheur : 2-4 Personnes Tout au fond d\u2019un chemin, un peu apr\u00e8s le vieux ch\u00e2teau du 9\u00e8me si\u00e8cle, se trouve la Cabane du P\u00eacheur. Perch\u00e9e sur une roche granitique qui donne sur l\u2019\u00e9tang, cette cabane n\u2019est qu\u2019\u00e0 quelques pas de la for\u00eat. Elle a \u00e9t\u00e9 construite par nos soins en bois local, coup\u00e9 [&hellip;]\" \/>\n<meta property=\"og:url\" content=\"https:\/\/covertcabin.com\/fr\/cabane-du-pecheur\/\" \/>\n<meta property=\"og:site_name\" content=\"Covertcabin\" \/>\n<meta property=\"article:modified_time\" content=\"2024-10-01T09:47:29+00:00\" \/>\n<meta property=\"og:image\" content=\"https:\/\/covertcabin.com\/wp-content\/uploads\/2023\/07\/Fish-cab-banner-e1689002275395.jpg\" \/>\n\t<meta property=\"og:image:width\" content=\"2263\" \/>\n\t<meta property=\"og:image:height\" content=\"909\" \/>\n\t<meta property=\"og:image:type\" content=\"image\/jpeg\" \/>\n<meta name=\"twitter:card\" content=\"summary_large_image\" \/>\n<meta name=\"twitter:label1\" content=\"Dur\u00e9e de lecture estim\u00e9e\" \/>\n\t<meta name=\"twitter:data1\" content=\"3 minutes\" \/>\n<script type=\"application\/ld+json\" class=\"yoast-schema-graph\">{\"@context\":\"https:\\\/\\\/schema.org\",\"@graph\":[{\"@type\":\"WebPage\",\"@id\":\"https:\\\/\\\/covertcabin.com\\\/fr\\\/cabane-du-pecheur\\\/\",\"url\":\"https:\\\/\\\/covertcabin.com\\\/fr\\\/cabane-du-pecheur\\\/\",\"name\":\"Cabane du P\u00eacheur : Cabane Lacustre Pour 2-4 Personnes\",\"isPartOf\":{\"@id\":\"https:\\\/\\\/covertcabin.com\\\/#website\"},\"primaryImageOfPage\":{\"@id\":\"https:\\\/\\\/covertcabin.com\\\/fr\\\/cabane-du-pecheur\\\/#primaryimage\"},\"image\":{\"@id\":\"https:\\\/\\\/covertcabin.com\\\/fr\\\/cabane-du-pecheur\\\/#primaryimage\"},\"thumbnailUrl\":\"https:\\\/\\\/covertcabin.com\\\/wp-content\\\/uploads\\\/2024\\\/10\\\/19.-Fishermans-cabin-cache-1-scaled-e1727859552777.jpg\",\"datePublished\":\"2018-11-12T10:40:24+00:00\",\"dateModified\":\"2024-10-01T09:47:29+00:00\",\"breadcrumb\":{\"@id\":\"https:\\\/\\\/covertcabin.com\\\/fr\\\/cabane-du-pecheur\\\/#breadcrumb\"},\"inLanguage\":\"fr-FR\",\"potentialAction\":[{\"@type\":\"ReadAction\",\"target\":[\"https:\\\/\\\/covertcabin.com\\\/fr\\\/cabane-du-pecheur\\\/\"]}]},{\"@type\":\"ImageObject\",\"inLanguage\":\"fr-FR\",\"@id\":\"https:\\\/\\\/covertcabin.com\\\/fr\\\/cabane-du-pecheur\\\/#primaryimage\",\"url\":\"https:\\\/\\\/covertcabin.com\\\/wp-content\\\/uploads\\\/2024\\\/10\\\/19.-Fishermans-cabin-cache-1-scaled-e1727859552777.jpg\",\"contentUrl\":\"https:\\\/\\\/covertcabin.com\\\/wp-content\\\/uploads\\\/2024\\\/10\\\/19.-Fishermans-cabin-cache-1-scaled-e1727859552777.jpg\",\"width\":2560,\"height\":1707},{\"@type\":\"BreadcrumbList\",\"@id\":\"https:\\\/\\\/covertcabin.com\\\/fr\\\/cabane-du-pecheur\\\/#breadcrumb\",\"itemListElement\":[{\"@type\":\"ListItem\",\"position\":1,\"name\":\"Home\",\"item\":\"https:\\\/\\\/covertcabin.com\\\/fr\\\/\"},{\"@type\":\"ListItem\",\"position\":2,\"name\":\"La Cabane du P\u00eacheur : Cabane Lacustre Pour 2-4 Personnes\"}]},{\"@type\":\"WebSite\",\"@id\":\"https:\\\/\\\/covertcabin.com\\\/#website\",\"url\":\"https:\\\/\\\/covertcabin.com\\\/\",\"name\":\"Covertcabin\",\"description\":\"Location de cabanes hors r\u00e9seau en P\u00e9rigord Vert\",\"publisher\":{\"@id\":\"https:\\\/\\\/covertcabin.com\\\/#organization\"},\"potentialAction\":[{\"@type\":\"SearchAction\",\"target\":{\"@type\":\"EntryPoint\",\"urlTemplate\":\"https:\\\/\\\/covertcabin.com\\\/?s={search_term_string}\"},\"query-input\":{\"@type\":\"PropertyValueSpecification\",\"valueRequired\":true,\"valueName\":\"search_term_string\"}}],\"inLanguage\":\"fr-FR\"},{\"@type\":\"Organization\",\"@id\":\"https:\\\/\\\/covertcabin.com\\\/#organization\",\"name\":\"Covertcabin\",\"url\":\"https:\\\/\\\/covertcabin.com\\\/\",\"logo\":{\"@type\":\"ImageObject\",\"inLanguage\":\"fr-FR\",\"@id\":\"https:\\\/\\\/covertcabin.com\\\/#\\\/schema\\\/logo\\\/image\\\/\",\"url\":\"https:\\\/\\\/covertcabin.com\\\/wp-content\\\/uploads\\\/2017\\\/03\\\/covert-cabin-logo.png\",\"contentUrl\":\"https:\\\/\\\/covertcabin.com\\\/wp-content\\\/uploads\\\/2017\\\/03\\\/covert-cabin-logo.png\",\"width\":910,\"height\":629,\"caption\":\"Covertcabin\"},\"image\":{\"@id\":\"https:\\\/\\\/covertcabin.com\\\/#\\\/schema\\\/logo\\\/image\\\/\"}}]}<\/script>\n<!-- \/ Yoast SEO plugin. -->","yoast_head_json":{"title":"Cabane du P\u00eacheur : Cabane Lacustre Pour 2-4 Personnes","robots":{"index":"index","follow":"follow","max-snippet":"max-snippet:-1","max-image-preview":"max-image-preview:large","max-video-preview":"max-video-preview:-1"},"canonical":"https:\/\/covertcabin.com\/fr\/cabane-du-pecheur\/","og_locale":"fr_FR","og_type":"article","og_title":"Cabane du P\u00eacheur : Cabane Lacustre Pour 2-4 Personnes","og_description":"Cabane du P\u00eacheur : 2-4 Personnes Tout au fond d\u2019un chemin, un peu apr\u00e8s le vieux ch\u00e2teau du 9\u00e8me si\u00e8cle, se trouve la Cabane du P\u00eacheur. Perch\u00e9e sur une roche granitique qui donne sur l\u2019\u00e9tang, cette cabane n\u2019est qu\u2019\u00e0 quelques pas de la for\u00eat. Elle a \u00e9t\u00e9 construite par nos soins en bois local, coup\u00e9 [&hellip;]","og_url":"https:\/\/covertcabin.com\/fr\/cabane-du-pecheur\/","og_site_name":"Covertcabin","article_modified_time":"2024-10-01T09:47:29+00:00","og_image":[{"width":2263,"height":909,"url":"https:\/\/covertcabin.com\/wp-content\/uploads\/2023\/07\/Fish-cab-banner-e1689002275395.jpg","type":"image\/jpeg"}],"twitter_card":"summary_large_image","twitter_misc":{"Dur\u00e9e de lecture estim\u00e9e":"3 minutes"},"schema":{"@context":"https:\/\/schema.org","@graph":[{"@type":"WebPage","@id":"https:\/\/covertcabin.com\/fr\/cabane-du-pecheur\/","url":"https:\/\/covertcabin.com\/fr\/cabane-du-pecheur\/","name":"Cabane du P\u00eacheur : Cabane Lacustre Pour 2-4 Personnes","isPartOf":{"@id":"https:\/\/covertcabin.com\/#website"},"primaryImageOfPage":{"@id":"https:\/\/covertcabin.com\/fr\/cabane-du-pecheur\/#primaryimage"},"image":{"@id":"https:\/\/covertcabin.com\/fr\/cabane-du-pecheur\/#primaryimage"},"thumbnailUrl":"https:\/\/covertcabin.com\/wp-content\/uploads\/2024\/10\/19.-Fishermans-cabin-cache-1-scaled-e1727859552777.jpg","datePublished":"2018-11-12T10:40:24+00:00","dateModified":"2024-10-01T09:47:29+00:00","breadcrumb":{"@id":"https:\/\/covertcabin.com\/fr\/cabane-du-pecheur\/#breadcrumb"},"inLanguage":"fr-FR","potentialAction":[{"@type":"ReadAction","target":["https:\/\/covertcabin.com\/fr\/cabane-du-pecheur\/"]}]},{"@type":"ImageObject","inLanguage":"fr-FR","@id":"https:\/\/covertcabin.com\/fr\/cabane-du-pecheur\/#primaryimage","url":"https:\/\/covertcabin.com\/wp-content\/uploads\/2024\/10\/19.-Fishermans-cabin-cache-1-scaled-e1727859552777.jpg","contentUrl":"https:\/\/covertcabin.com\/wp-content\/uploads\/2024\/10\/19.-Fishermans-cabin-cache-1-scaled-e1727859552777.jpg","width":2560,"height":1707},{"@type":"BreadcrumbList","@id":"https:\/\/covertcabin.com\/fr\/cabane-du-pecheur\/#breadcrumb","itemListElement":[{"@type":"ListItem","position":1,"name":"Home","item":"https:\/\/covertcabin.com\/fr\/"},{"@type":"ListItem","position":2,"name":"La Cabane du P\u00eacheur : Cabane Lacustre Pour 2-4 Personnes"}]},{"@type":"WebSite","@id":"https:\/\/covertcabin.com\/#website","url":"https:\/\/covertcabin.com\/","name":"Covertcabin","description":"Location de cabanes hors r\u00e9seau en P\u00e9rigord Vert","publisher":{"@id":"https:\/\/covertcabin.com\/#organization"},"potentialAction":[{"@type":"SearchAction","target":{"@type":"EntryPoint","urlTemplate":"https:\/\/covertcabin.com\/?s={search_term_string}"},"query-input":{"@type":"PropertyValueSpecification","valueRequired":true,"valueName":"search_term_string"}}],"inLanguage":"fr-FR"},{"@type":"Organization","@id":"https:\/\/covertcabin.com\/#organization","name":"Covertcabin","url":"https:\/\/covertcabin.com\/","logo":{"@type":"ImageObject","inLanguage":"fr-FR","@id":"https:\/\/covertcabin.com\/#\/schema\/logo\/image\/","url":"https:\/\/covertcabin.com\/wp-content\/uploads\/2017\/03\/covert-cabin-logo.png","contentUrl":"https:\/\/covertcabin.com\/wp-content\/uploads\/2017\/03\/covert-cabin-logo.png","width":910,"height":629,"caption":"Covertcabin"},"image":{"@id":"https:\/\/covertcabin.com\/#\/schema\/logo\/image\/"}}]}},"_links":{"self":[{"href":"https:\/\/covertcabin.com\/fr\/wp-json\/wp\/v2\/pages\/1277","targetHints":{"allow":["GET"]}}],"collection":[{"href":"https:\/\/covertcabin.com\/fr\/wp-json\/wp\/v2\/pages"}],"about":[{"href":"https:\/\/covertcabin.com\/fr\/wp-json\/wp\/v2\/types\/page"}],"author":[{"embeddable":true,"href":"https:\/\/covertcabin.com\/fr\/wp-json\/wp\/v2\/users\/1"}],"replies":[{"embeddable":true,"href":"https:\/\/covertcabin.com\/fr\/wp-json\/wp\/v2\/comments?post=1277"}],"version-history":[{"count":24,"href":"https:\/\/covertcabin.com\/fr\/wp-json\/wp\/v2\/pages\/1277\/revisions"}],"predecessor-version":[{"id":1937,"href":"https:\/\/covertcabin.com\/fr\/wp-json\/wp\/v2\/pages\/1277\/revisions\/1937"}],"wp:featuredmedia":[{"embeddable":true,"href":"https:\/\/covertcabin.com\/fr\/wp-json\/wp\/v2\/media\/1953"}],"wp:attachment":[{"href":"https:\/\/covertcabin.com\/fr\/wp-json\/wp\/v2\/media?parent=1277"}],"curies":[{"name":"wp","href":"https:\/\/api.w.org\/{rel}","templated":true}]}}