{"id":1276,"date":"2018-11-12T11:40:11","date_gmt":"2018-11-12T10:40:11","guid":{"rendered":"https:\/\/covertcabin.com\/?page_id=1276"},"modified":"2018-11-14T16:01:18","modified_gmt":"2018-11-14T15:01:18","slug":"conditions","status":"publish","type":"page","link":"https:\/\/covertcabin.com\/fr\/conditions\/","title":{"rendered":"Covertcabin : Nos Conditions G\u00e9n\u00e9rales"},"content":{"rendered":"<ol class=\"tandcs\">\n<li>Toute r\u00e9servation est consid\u00e9r\u00e9e comme provisoire jusqu&rsquo;\u00e0 qu\u2019elle soit confirm\u00e9e par les propri\u00e9taires. Les locations se font normalement \u00e0 partir de 16h00 le jour d&rsquo;arriv\u00e9e, jusqu&rsquo;\u00e0 10h00 du jour de d\u00e9part.\n<li>Le logement ne sera propos\u00e9 pour les locations de vacances que lorsqu\u2019une confirmation soit donn\u00e9e par les propri\u00e9taires au locataire (le client). Pour r\u00e9server le logement, le client doit remplir le formulaire de r\u00e9servation, puis envoyer un d\u00e9p\u00f4t non remboursable (soit 25% du co\u00fbt du s\u00e9jour).\n<li>Une fois la demande de r\u00e9servation ainsi que le d\u00e9p\u00f4t re\u00e7u par les propri\u00e9taires, ils enverront une confirmation de r\u00e9servation. Cela constitue l&rsquo;acceptation officielle de votre r\u00e9servation. Le solde du loyer est payable au plus tard six semaines avant la date d\u2019arriv\u00e9e. Si le paiement n&rsquo;est pas re\u00e7u \u00e0 la date pr\u00e9vue, les propri\u00e9taires se r\u00e9servent le droit d&rsquo;annuler la r\u00e9servation.\n<li>Dans le cas d\u2019une telle annulation, le client est tenu de payer le solde pour la r\u00e9servation, \u00e0 moins que les propri\u00e9taires arrivent \u00e0 relouer le bien. Dans ce cas, la clause 6 de ces conditions g\u00e9n\u00e9rales s&rsquo;appliquera. Pour toute r\u00e9servation faite en moins de six semaines de la date d\u2019arriv\u00e9e, le paiement int\u00e9gral sera demand\u00e9 lors de la r\u00e9servation.\n<li>Tous frais imputables durant la p\u00e9riode de location doivent \u00eatre r\u00e9gl\u00e9s aux propri\u00e9taires.\n<li>Dans le cas d\u2019une annulation, le remboursement des sommes d\u00e9j\u00e0 vers\u00e9es ne sera effectu\u00e9 que si le propri\u00e9taire est en mesure de relouer le bien. Toute d\u00e9pense ou perte encourue sera d\u00e9duite du montant remboursable.\n<li>Il est fortement conseill\u00e9 de souscrire une assurance voyage compl\u00e8te, qui comprend aussi une couverture en cas d\u2019annulation, et une couverture compl\u00e8te pour les effets personnels du groupe, de la responsabilit\u00e9 publique, etc. Ceux-ci ne sont pas couverts par l&rsquo;assurance du propri\u00e9taire. Le propri\u00e9taire n&rsquo;est pas tenu de proposer le logement avant l&rsquo;heure d&rsquo;arriv\u00e9e convenue et le client n&rsquo;a pas le droit de rester dans le logement apr\u00e8s la date de d\u00e9part convenue.\n<li>Le nombre maximum de personnes pouvant s\u00e9journer dans le logement ne doit pas d\u00e9passer 2 pour La Cabane du B\u00fbcheron et le Petit Rocher, ou 4 pour la Cabane du P\u00eacheur, sauf autorisation \u00e9crite du propri\u00e9taire. Le propri\u00e9taire se r\u00e9serve le droit de refuser l&rsquo;admission ou de demander le d\u00e9part de toute personne au-del\u00e0 du nombre convenu.\n<li>Le client s&rsquo;engage \u00e0 \u00eatre un locataire attentionn\u00e9, de prendre soin du logement et de le laisser dans un \u00e9tat propre et rang\u00e9 \u00e0 la fin de son s\u00e9jour. Le client s&rsquo;engage \u00e9galement \u00e0 \u00e9viter tout activit\u00e9 susceptible de d\u00e9ranger les r\u00e9sidents des propri\u00e9t\u00e9s voisines.\n<li>Le client s&rsquo;engage \u00e0 n\u2019amener avec lui aucun animal de compagnie lors de son s\u00e9jour, sans autorisation pr\u00e9alable, et de ne pas fumer \u00e0 l&rsquo;int\u00e9rieur du logement. Le client doit signaler au propri\u00e9taire dans les meilleurs d\u00e9lais tout d\u00e9faut ou panne de mat\u00e9riel, de machinerie ou autre installation dans le logement ou aux alentours. Les propri\u00e9taires s\u2019engagent \u00e0 assurer la r\u00e9paration ou le remplacement de tout \u00e9l\u00e9ment d\u00e9fectueux d\u00e8s que possible.\n<li>Le propri\u00e9taire ne sera pas responsable envers le client pour toute perte, dommage ou inconv\u00e9nient subi par lui dans le cas que le logement soit endommag\u00e9 ou d\u00e9truit avant le d\u00e9but de la p\u00e9riode de location. Dans ce cas, le propri\u00e9taire s\u2019engage, sous sept jours, \u00e0 rembourser toute somme d\u00e9j\u00e0 vers\u00e9e au titre de la p\u00e9riode de location.\n<li>La responsabilit\u00e9 du propri\u00e9taire ne d\u00e9passera en aucun cas le montant qui lui ait \u00e9t\u00e9 vers\u00e9 pour la location. Le pr\u00e9sent contrat est r\u00e9gi par le droit fran\u00e7ais en ce qui concerne notamment la formation et l\u2019interpr\u00e9tation et est reconnu avoir \u00e9t\u00e9 conclu en France.\n<li>Toute proc\u00e9dure d\u00e9coulant du pr\u00e9sent contrat ou en relation avec celui-ci peut \u00eatre engag\u00e9e devant tout tribunal comp\u00e9tent en France. Robert Kirkwood, Lacaud, 24360, Busserolles, France\n<\/ol>\n","protected":false},"excerpt":{"rendered":"<p>Toute r\u00e9servation est consid\u00e9r\u00e9e comme provisoire jusqu&rsquo;\u00e0 qu\u2019elle soit confirm\u00e9e par les propri\u00e9taires. Les locations se font normalement \u00e0 partir de 16h00 le jour d&rsquo;arriv\u00e9e, jusqu&rsquo;\u00e0 10h00 du jour de d\u00e9part. Le logement ne sera propos\u00e9 pour les locations de vacances que lorsqu\u2019une confirmation soit donn\u00e9e par les propri\u00e9taires au locataire (le client). Pour r\u00e9server [&hellip;]<\/p>\n","protected":false},"author":1,"featured_media":239,"parent":0,"menu_order":0,"comment_status":"closed","ping_status":"closed","template":"","meta":{"footnotes":""},"class_list":["post-1276","page","type-page","status-publish","has-post-thumbnail","hentry","clearfix","post-index"],"yoast_head":"<!-- This site is optimized with the Yoast SEO plugin v27.3 - https:\/\/yoast.com\/product\/yoast-seo-wordpress\/ -->\n<title>Covertcabin : Nos Conditions G\u00e9n\u00e9rales<\/title>\n<meta name=\"robots\" content=\"index, follow, max-snippet:-1, max-image-preview:large, max-video-preview:-1\" \/>\n<link rel=\"canonical\" href=\"https:\/\/covertcabin.com\/fr\/conditions\/\" \/>\n<meta property=\"og:locale\" content=\"fr_FR\" \/>\n<meta property=\"og:type\" content=\"article\" \/>\n<meta property=\"og:title\" content=\"Covertcabin : Nos Conditions G\u00e9n\u00e9rales\" \/>\n<meta property=\"og:description\" content=\"Toute r\u00e9servation est consid\u00e9r\u00e9e comme provisoire jusqu&rsquo;\u00e0 qu\u2019elle soit confirm\u00e9e par les propri\u00e9taires. Les locations se font normalement \u00e0 partir de 16h00 le jour d&rsquo;arriv\u00e9e, jusqu&rsquo;\u00e0 10h00 du jour de d\u00e9part. Le logement ne sera propos\u00e9 pour les locations de vacances que lorsqu\u2019une confirmation soit donn\u00e9e par les propri\u00e9taires au locataire (le client). Pour r\u00e9server [&hellip;]\" \/>\n<meta property=\"og:url\" content=\"https:\/\/covertcabin.com\/fr\/conditions\/\" \/>\n<meta property=\"og:site_name\" content=\"Covertcabin\" \/>\n<meta property=\"article:modified_time\" content=\"2018-11-14T15:01:18+00:00\" \/>\n<meta property=\"og:image\" content=\"https:\/\/covertcabin.com\/wp-content\/uploads\/2017\/03\/fishermans-cabin-banner.jpg\" \/>\n\t<meta property=\"og:image:width\" content=\"1500\" \/>\n\t<meta property=\"og:image:height\" content=\"570\" \/>\n\t<meta property=\"og:image:type\" content=\"image\/jpeg\" \/>\n<meta name=\"twitter:card\" content=\"summary_large_image\" \/>\n<meta name=\"twitter:label1\" content=\"Dur\u00e9e de lecture estim\u00e9e\" \/>\n\t<meta name=\"twitter:data1\" content=\"4 minutes\" \/>\n<script type=\"application\/ld+json\" class=\"yoast-schema-graph\">{\"@context\":\"https:\\\/\\\/schema.org\",\"@graph\":[{\"@type\":\"WebPage\",\"@id\":\"https:\\\/\\\/covertcabin.com\\\/fr\\\/conditions\\\/\",\"url\":\"https:\\\/\\\/covertcabin.com\\\/fr\\\/conditions\\\/\",\"name\":\"Covertcabin : Nos Conditions G\u00e9n\u00e9rales\",\"isPartOf\":{\"@id\":\"https:\\\/\\\/covertcabin.com\\\/#website\"},\"primaryImageOfPage\":{\"@id\":\"https:\\\/\\\/covertcabin.com\\\/fr\\\/conditions\\\/#primaryimage\"},\"image\":{\"@id\":\"https:\\\/\\\/covertcabin.com\\\/fr\\\/conditions\\\/#primaryimage\"},\"thumbnailUrl\":\"https:\\\/\\\/covertcabin.com\\\/wp-content\\\/uploads\\\/2017\\\/03\\\/fishermans-cabin-banner.jpg\",\"datePublished\":\"2018-11-12T10:40:11+00:00\",\"dateModified\":\"2018-11-14T15:01:18+00:00\",\"breadcrumb\":{\"@id\":\"https:\\\/\\\/covertcabin.com\\\/fr\\\/conditions\\\/#breadcrumb\"},\"inLanguage\":\"fr-FR\",\"potentialAction\":[{\"@type\":\"ReadAction\",\"target\":[\"https:\\\/\\\/covertcabin.com\\\/fr\\\/conditions\\\/\"]}]},{\"@type\":\"ImageObject\",\"inLanguage\":\"fr-FR\",\"@id\":\"https:\\\/\\\/covertcabin.com\\\/fr\\\/conditions\\\/#primaryimage\",\"url\":\"https:\\\/\\\/covertcabin.com\\\/wp-content\\\/uploads\\\/2017\\\/03\\\/fishermans-cabin-banner.jpg\",\"contentUrl\":\"https:\\\/\\\/covertcabin.com\\\/wp-content\\\/uploads\\\/2017\\\/03\\\/fishermans-cabin-banner.jpg\",\"width\":1500,\"height\":570,\"caption\":\"fisherman's cabin holiday rental\"},{\"@type\":\"BreadcrumbList\",\"@id\":\"https:\\\/\\\/covertcabin.com\\\/fr\\\/conditions\\\/#breadcrumb\",\"itemListElement\":[{\"@type\":\"ListItem\",\"position\":1,\"name\":\"Home\",\"item\":\"https:\\\/\\\/covertcabin.com\\\/fr\\\/\"},{\"@type\":\"ListItem\",\"position\":2,\"name\":\"Covertcabin : Nos Conditions G\u00e9n\u00e9rales\"}]},{\"@type\":\"WebSite\",\"@id\":\"https:\\\/\\\/covertcabin.com\\\/#website\",\"url\":\"https:\\\/\\\/covertcabin.com\\\/\",\"name\":\"Covertcabin\",\"description\":\"Location de cabanes hors r\u00e9seau en P\u00e9rigord Vert\",\"publisher\":{\"@id\":\"https:\\\/\\\/covertcabin.com\\\/#organization\"},\"potentialAction\":[{\"@type\":\"SearchAction\",\"target\":{\"@type\":\"EntryPoint\",\"urlTemplate\":\"https:\\\/\\\/covertcabin.com\\\/?s={search_term_string}\"},\"query-input\":{\"@type\":\"PropertyValueSpecification\",\"valueRequired\":true,\"valueName\":\"search_term_string\"}}],\"inLanguage\":\"fr-FR\"},{\"@type\":\"Organization\",\"@id\":\"https:\\\/\\\/covertcabin.com\\\/#organization\",\"name\":\"Covertcabin\",\"url\":\"https:\\\/\\\/covertcabin.com\\\/\",\"logo\":{\"@type\":\"ImageObject\",\"inLanguage\":\"fr-FR\",\"@id\":\"https:\\\/\\\/covertcabin.com\\\/#\\\/schema\\\/logo\\\/image\\\/\",\"url\":\"https:\\\/\\\/covertcabin.com\\\/wp-content\\\/uploads\\\/2017\\\/03\\\/covert-cabin-logo.png\",\"contentUrl\":\"https:\\\/\\\/covertcabin.com\\\/wp-content\\\/uploads\\\/2017\\\/03\\\/covert-cabin-logo.png\",\"width\":910,\"height\":629,\"caption\":\"Covertcabin\"},\"image\":{\"@id\":\"https:\\\/\\\/covertcabin.com\\\/#\\\/schema\\\/logo\\\/image\\\/\"}}]}<\/script>\n<!-- \/ Yoast SEO plugin. -->","yoast_head_json":{"title":"Covertcabin : Nos Conditions G\u00e9n\u00e9rales","robots":{"index":"index","follow":"follow","max-snippet":"max-snippet:-1","max-image-preview":"max-image-preview:large","max-video-preview":"max-video-preview:-1"},"canonical":"https:\/\/covertcabin.com\/fr\/conditions\/","og_locale":"fr_FR","og_type":"article","og_title":"Covertcabin : Nos Conditions G\u00e9n\u00e9rales","og_description":"Toute r\u00e9servation est consid\u00e9r\u00e9e comme provisoire jusqu&rsquo;\u00e0 qu\u2019elle soit confirm\u00e9e par les propri\u00e9taires. Les locations se font normalement \u00e0 partir de 16h00 le jour d&rsquo;arriv\u00e9e, jusqu&rsquo;\u00e0 10h00 du jour de d\u00e9part. Le logement ne sera propos\u00e9 pour les locations de vacances que lorsqu\u2019une confirmation soit donn\u00e9e par les propri\u00e9taires au locataire (le client). Pour r\u00e9server [&hellip;]","og_url":"https:\/\/covertcabin.com\/fr\/conditions\/","og_site_name":"Covertcabin","article_modified_time":"2018-11-14T15:01:18+00:00","og_image":[{"width":1500,"height":570,"url":"https:\/\/covertcabin.com\/wp-content\/uploads\/2017\/03\/fishermans-cabin-banner.jpg","type":"image\/jpeg"}],"twitter_card":"summary_large_image","twitter_misc":{"Dur\u00e9e de lecture estim\u00e9e":"4 minutes"},"schema":{"@context":"https:\/\/schema.org","@graph":[{"@type":"WebPage","@id":"https:\/\/covertcabin.com\/fr\/conditions\/","url":"https:\/\/covertcabin.com\/fr\/conditions\/","name":"Covertcabin : Nos Conditions G\u00e9n\u00e9rales","isPartOf":{"@id":"https:\/\/covertcabin.com\/#website"},"primaryImageOfPage":{"@id":"https:\/\/covertcabin.com\/fr\/conditions\/#primaryimage"},"image":{"@id":"https:\/\/covertcabin.com\/fr\/conditions\/#primaryimage"},"thumbnailUrl":"https:\/\/covertcabin.com\/wp-content\/uploads\/2017\/03\/fishermans-cabin-banner.jpg","datePublished":"2018-11-12T10:40:11+00:00","dateModified":"2018-11-14T15:01:18+00:00","breadcrumb":{"@id":"https:\/\/covertcabin.com\/fr\/conditions\/#breadcrumb"},"inLanguage":"fr-FR","potentialAction":[{"@type":"ReadAction","target":["https:\/\/covertcabin.com\/fr\/conditions\/"]}]},{"@type":"ImageObject","inLanguage":"fr-FR","@id":"https:\/\/covertcabin.com\/fr\/conditions\/#primaryimage","url":"https:\/\/covertcabin.com\/wp-content\/uploads\/2017\/03\/fishermans-cabin-banner.jpg","contentUrl":"https:\/\/covertcabin.com\/wp-content\/uploads\/2017\/03\/fishermans-cabin-banner.jpg","width":1500,"height":570,"caption":"fisherman's cabin holiday rental"},{"@type":"BreadcrumbList","@id":"https:\/\/covertcabin.com\/fr\/conditions\/#breadcrumb","itemListElement":[{"@type":"ListItem","position":1,"name":"Home","item":"https:\/\/covertcabin.com\/fr\/"},{"@type":"ListItem","position":2,"name":"Covertcabin : Nos Conditions G\u00e9n\u00e9rales"}]},{"@type":"WebSite","@id":"https:\/\/covertcabin.com\/#website","url":"https:\/\/covertcabin.com\/","name":"Covertcabin","description":"Location de cabanes hors r\u00e9seau en P\u00e9rigord Vert","publisher":{"@id":"https:\/\/covertcabin.com\/#organization"},"potentialAction":[{"@type":"SearchAction","target":{"@type":"EntryPoint","urlTemplate":"https:\/\/covertcabin.com\/?s={search_term_string}"},"query-input":{"@type":"PropertyValueSpecification","valueRequired":true,"valueName":"search_term_string"}}],"inLanguage":"fr-FR"},{"@type":"Organization","@id":"https:\/\/covertcabin.com\/#organization","name":"Covertcabin","url":"https:\/\/covertcabin.com\/","logo":{"@type":"ImageObject","inLanguage":"fr-FR","@id":"https:\/\/covertcabin.com\/#\/schema\/logo\/image\/","url":"https:\/\/covertcabin.com\/wp-content\/uploads\/2017\/03\/covert-cabin-logo.png","contentUrl":"https:\/\/covertcabin.com\/wp-content\/uploads\/2017\/03\/covert-cabin-logo.png","width":910,"height":629,"caption":"Covertcabin"},"image":{"@id":"https:\/\/covertcabin.com\/#\/schema\/logo\/image\/"}}]}},"_links":{"self":[{"href":"https:\/\/covertcabin.com\/fr\/wp-json\/wp\/v2\/pages\/1276","targetHints":{"allow":["GET"]}}],"collection":[{"href":"https:\/\/covertcabin.com\/fr\/wp-json\/wp\/v2\/pages"}],"about":[{"href":"https:\/\/covertcabin.com\/fr\/wp-json\/wp\/v2\/types\/page"}],"author":[{"embeddable":true,"href":"https:\/\/covertcabin.com\/fr\/wp-json\/wp\/v2\/users\/1"}],"replies":[{"embeddable":true,"href":"https:\/\/covertcabin.com\/fr\/wp-json\/wp\/v2\/comments?post=1276"}],"version-history":[{"count":8,"href":"https:\/\/covertcabin.com\/fr\/wp-json\/wp\/v2\/pages\/1276\/revisions"}],"predecessor-version":[{"id":1546,"href":"https:\/\/covertcabin.com\/fr\/wp-json\/wp\/v2\/pages\/1276\/revisions\/1546"}],"wp:featuredmedia":[{"embeddable":true,"href":"https:\/\/covertcabin.com\/fr\/wp-json\/wp\/v2\/media\/239"}],"wp:attachment":[{"href":"https:\/\/covertcabin.com\/fr\/wp-json\/wp\/v2\/media?parent=1276"}],"curies":[{"name":"wp","href":"https:\/\/api.w.org\/{rel}","templated":true}]}}