{"id":1266,"date":"2018-11-12T11:38:32","date_gmt":"2018-11-12T10:38:32","guid":{"rendered":"https:\/\/covertcabin.com\/?page_id=1266"},"modified":"2024-10-01T11:28:38","modified_gmt":"2024-10-01T09:28:38","slug":"cabane-du-bucheron","status":"publish","type":"page","link":"https:\/\/covertcabin.com\/fr\/cabane-du-bucheron\/","title":{"rendered":"La Cabane du B\u00fbcheron : Un Refuge Rustique &#038; Romantique Pour 2 Personnes"},"content":{"rendered":"<h2>Cabane Rustique &amp; Romantique Pour Deux<\/h2>\n<p>Cette belle cabane pour deux personnes se situe au bord d\u2019un bois. Sa d\u00e9coration romantique et bucolique fait de cette cabane un refuge id\u00e9ale pour un couple. Des panneaux photovolta\u00efques alimentent ses lumi\u00e8res et un po\u00eale \u00e0 bois chauffe l\u2019eau pour la douche. Elle dispose d\u2019une toilette s\u00e8che.<\/p>\n<h2>Faites le tour de la Cabane du B\u00fbcheron<\/h2>\n<div class=\"videoWrapper clearfix\"><iframe src=\"https:\/\/www.youtube-nocookie.com\/embed\/Yc4qi0PEowM\" frameborder=\"0\" allowfullscreen=\"allowfullscreen\"><\/iframe><\/div>\n<div id='gallery-1' class='gallery galleryid-1266 gallery-columns-4 gallery-size-thumbnail'><figure class='gallery-item'>\n\t\t\t<div class='gallery-icon landscape'>\n\t\t\t\t<a href='https:\/\/covertcabin.com\/wp-content\/uploads\/2019\/06\/Woodsmans-Cabin-ext-side.jpg'><img loading=\"lazy\" decoding=\"async\" width=\"150\" height=\"150\" src=\"https:\/\/covertcabin.com\/wp-content\/uploads\/2019\/06\/Woodsmans-Cabin-ext-side-150x150.jpg\" class=\"attachment-thumbnail size-thumbnail\" alt=\"\" srcset=\"https:\/\/covertcabin.com\/wp-content\/uploads\/2019\/06\/Woodsmans-Cabin-ext-side-150x150.jpg 150w, https:\/\/covertcabin.com\/wp-content\/uploads\/2019\/06\/Woodsmans-Cabin-ext-side-250x250.jpg 250w\" sizes=\"auto, (max-width: 150px) 100vw, 150px\" \/><\/a>\n\t\t\t<\/div><\/figure><figure class='gallery-item'>\n\t\t\t<div class='gallery-icon landscape'>\n\t\t\t\t<a href='https:\/\/covertcabin.com\/wp-content\/uploads\/2019\/06\/Woodsmans-Cabin-Sofa.jpg'><img loading=\"lazy\" decoding=\"async\" width=\"150\" height=\"150\" src=\"https:\/\/covertcabin.com\/wp-content\/uploads\/2019\/06\/Woodsmans-Cabin-Sofa-150x150.jpg\" class=\"attachment-thumbnail size-thumbnail\" alt=\"\" srcset=\"https:\/\/covertcabin.com\/wp-content\/uploads\/2019\/06\/Woodsmans-Cabin-Sofa-150x150.jpg 150w, https:\/\/covertcabin.com\/wp-content\/uploads\/2019\/06\/Woodsmans-Cabin-Sofa-250x250.jpg 250w\" sizes=\"auto, (max-width: 150px) 100vw, 150px\" \/><\/a>\n\t\t\t<\/div><\/figure><figure class='gallery-item'>\n\t\t\t<div class='gallery-icon landscape'>\n\t\t\t\t<a href='https:\/\/covertcabin.com\/wp-content\/uploads\/2019\/06\/Woodsmans-Cabin-kitchen.jpg'><img loading=\"lazy\" decoding=\"async\" width=\"150\" height=\"150\" src=\"https:\/\/covertcabin.com\/wp-content\/uploads\/2019\/06\/Woodsmans-Cabin-kitchen-150x150.jpg\" class=\"attachment-thumbnail size-thumbnail\" alt=\"\" srcset=\"https:\/\/covertcabin.com\/wp-content\/uploads\/2019\/06\/Woodsmans-Cabin-kitchen-150x150.jpg 150w, https:\/\/covertcabin.com\/wp-content\/uploads\/2019\/06\/Woodsmans-Cabin-kitchen-250x250.jpg 250w\" sizes=\"auto, (max-width: 150px) 100vw, 150px\" \/><\/a>\n\t\t\t<\/div><\/figure><figure class='gallery-item'>\n\t\t\t<div class='gallery-icon landscape'>\n\t\t\t\t<a href='https:\/\/covertcabin.com\/wp-content\/uploads\/2019\/06\/7.-Woodsmans-cabin-shelfie-1.jpg'><img loading=\"lazy\" decoding=\"async\" width=\"150\" height=\"150\" src=\"https:\/\/covertcabin.com\/wp-content\/uploads\/2019\/06\/7.-Woodsmans-cabin-shelfie-1-150x150.jpg\" class=\"attachment-thumbnail size-thumbnail\" alt=\"\" srcset=\"https:\/\/covertcabin.com\/wp-content\/uploads\/2019\/06\/7.-Woodsmans-cabin-shelfie-1-150x150.jpg 150w, https:\/\/covertcabin.com\/wp-content\/uploads\/2019\/06\/7.-Woodsmans-cabin-shelfie-1-250x250.jpg 250w\" sizes=\"auto, (max-width: 150px) 100vw, 150px\" \/><\/a>\n\t\t\t<\/div><\/figure><figure class='gallery-item'>\n\t\t\t<div class='gallery-icon landscape'>\n\t\t\t\t<a href='https:\/\/covertcabin.com\/wp-content\/uploads\/2019\/06\/Woodsmans-cabin-staircase.jpg'><img loading=\"lazy\" decoding=\"async\" width=\"150\" height=\"150\" src=\"https:\/\/covertcabin.com\/wp-content\/uploads\/2019\/06\/Woodsmans-cabin-staircase-150x150.jpg\" class=\"attachment-thumbnail size-thumbnail\" alt=\"\" srcset=\"https:\/\/covertcabin.com\/wp-content\/uploads\/2019\/06\/Woodsmans-cabin-staircase-150x150.jpg 150w, https:\/\/covertcabin.com\/wp-content\/uploads\/2019\/06\/Woodsmans-cabin-staircase-250x250.jpg 250w\" sizes=\"auto, (max-width: 150px) 100vw, 150px\" \/><\/a>\n\t\t\t<\/div><\/figure><figure class='gallery-item'>\n\t\t\t<div class='gallery-icon landscape'>\n\t\t\t\t<a href='https:\/\/covertcabin.com\/wp-content\/uploads\/2019\/06\/Woodsmans-cabin-deck-area.jpg'><img loading=\"lazy\" decoding=\"async\" width=\"150\" height=\"150\" src=\"https:\/\/covertcabin.com\/wp-content\/uploads\/2019\/06\/Woodsmans-cabin-deck-area-150x150.jpg\" class=\"attachment-thumbnail size-thumbnail\" alt=\"\" srcset=\"https:\/\/covertcabin.com\/wp-content\/uploads\/2019\/06\/Woodsmans-cabin-deck-area-150x150.jpg 150w, https:\/\/covertcabin.com\/wp-content\/uploads\/2019\/06\/Woodsmans-cabin-deck-area-250x250.jpg 250w\" sizes=\"auto, (max-width: 150px) 100vw, 150px\" \/><\/a>\n\t\t\t<\/div><\/figure><figure class='gallery-item'>\n\t\t\t<div class='gallery-icon landscape'>\n\t\t\t\t<a href='https:\/\/covertcabin.com\/wp-content\/uploads\/2019\/06\/4.-Woodsmans-cabin-2019-bedroom.jpg'><img loading=\"lazy\" decoding=\"async\" width=\"150\" height=\"150\" src=\"https:\/\/covertcabin.com\/wp-content\/uploads\/2019\/06\/4.-Woodsmans-cabin-2019-bedroom-150x150.jpg\" class=\"attachment-thumbnail size-thumbnail\" alt=\"\" srcset=\"https:\/\/covertcabin.com\/wp-content\/uploads\/2019\/06\/4.-Woodsmans-cabin-2019-bedroom-150x150.jpg 150w, https:\/\/covertcabin.com\/wp-content\/uploads\/2019\/06\/4.-Woodsmans-cabin-2019-bedroom-250x250.jpg 250w\" sizes=\"auto, (max-width: 150px) 100vw, 150px\" \/><\/a>\n\t\t\t<\/div><\/figure><figure class='gallery-item'>\n\t\t\t<div class='gallery-icon landscape'>\n\t\t\t\t<a href='https:\/\/covertcabin.com\/wp-content\/uploads\/2019\/06\/Woodsmans-cabin-2019-lake-view.jpg'><img loading=\"lazy\" decoding=\"async\" width=\"150\" height=\"150\" src=\"https:\/\/covertcabin.com\/wp-content\/uploads\/2019\/06\/Woodsmans-cabin-2019-lake-view-150x150.jpg\" class=\"attachment-thumbnail size-thumbnail\" alt=\"\" srcset=\"https:\/\/covertcabin.com\/wp-content\/uploads\/2019\/06\/Woodsmans-cabin-2019-lake-view-150x150.jpg 150w, https:\/\/covertcabin.com\/wp-content\/uploads\/2019\/06\/Woodsmans-cabin-2019-lake-view-250x250.jpg 250w\" sizes=\"auto, (max-width: 150px) 100vw, 150px\" \/><\/a>\n\t\t\t<\/div><\/figure>\n\t\t<\/div>\n\n<p><a class=\"cta\" href=\"\/fr\/reserver\/\">R\u00e9server<\/a><\/p>\n<p>Un charmant escalier en bois m\u00e8ne \u00e0 l\u2019\u00e9tage, o\u00f9 se trouve une chambre simplement am\u00e9nag\u00e9e avec des vues sur l\u2019\u00e9tang. La cuisine est bien \u00e9quip\u00e9e, et vous pouvez aussi profiter du barbecue pour des repas sous les \u00e9toiles. La Cabane du B\u00fbcheron est truff\u00e9e de choses pour vous divertir, allant du mat\u00e9riel artistique aux instruments de musique bizarres.<\/p>\n<p>\u00c0 l\u2019ext\u00e9rieur, une petite terrasse est l&rsquo;endroit parfait pour l\u2019observation des oiseaux et des \u00e9cureuils. Un petit bateau et un radeau sont \u00e0 votre disposition pour profiter de l\u2019\u00e9tang.<\/p>\n<p>Vous pouvez l\u00e9zarder dans l\u2019un des hamacs, ou bien louer un v\u00e9lo pour aller faire le tour de la ville, ou encore partir \u00e0 la d\u00e9couverte des pistes de randonn\u00e9es locales.<\/p>\n<p>Pour ceux qui s\u00e9journent dans cette cabane nous proposons aussi notre forfait lune de miel\u00a0: des fleurs et du champagne \u00e0 l\u2019arriv\u00e9e, un repas d\u00e9licieux de trois plats, apport\u00e9 directement \u00e0 la cabane, une livraison de croissants, de pain et de la confiture maison le matin, et \u2013 \u00e9l\u00e9ment indispensable pour tout jeune mari\u00e9\u00a0&#8211; un tandem\u00a0! Il y a un suppl\u00e9ment de 350\u20ac pour ce forfait.<\/p>\n<h2>S\u00e9journer \u00e0 la Cabane du B\u00fbcheron<\/h2>\n<p>La Cabane du B\u00fbcheron est disponible du 01 avril jusqu\u2019au 24 d\u00e9cembre. S\u00e9jour minimum de trois nuits. Pendant les mois de juillet et ao\u00fbt, les locations sont \u00e0 la semaine uniquement, de samedi \u00e0 samedi. L\u2019heure d\u2019arriv\u00e9e est 16h00, et l\u2019heure de d\u00e9part est 10h, sauf accord contraire.<\/p>\n<table class=\"pricelist\">\n<tbody>\n<tr class=\"toprow\">\n<td>P\u00e9riode<\/td>\n<td>La nuit :<\/td>\n<td>La semaine :<\/td>\n<\/tr>\n<tr>\n<td>Avril<\/td>\n<td>110\u20ac<\/td>\n<td>720\u20ac<\/td>\n<\/tr>\n<tr>\n<td>Mai &amp; Juin<\/td>\n<td>125\u20ac<\/td>\n<td>825\u20ac<\/td>\n<\/tr>\n<tr>\n<td>Juillet &amp; Ao\u00fbt<\/td>\n<td>&#8211;<\/td>\n<td>1000\u20ac<\/td>\n<\/tr>\n<tr>\n<td>Septembre &amp; Octobre<\/td>\n<td>125\u20ac<\/td>\n<td>825\u20ac<\/td>\n<\/tr>\n<tr>\n<td>01 Novembre &#8211; 24 D\u00e9cembre<\/td>\n<td>110\u20ac<\/td>\n<td>720\u20ac<\/td>\n<\/tr>\n<\/tbody>\n<\/table>\n<p><a class=\"cta\" href=\"\/fr\/reserver\/\">R\u00e9server<\/a><\/p>\n","protected":false},"excerpt":{"rendered":"<p>Cabane Rustique &amp; Romantique Pour Deux Cette belle cabane pour deux personnes se situe au bord d\u2019un bois. Sa d\u00e9coration romantique et bucolique fait de cette cabane un refuge id\u00e9ale pour un couple. Des panneaux photovolta\u00efques alimentent ses lumi\u00e8res et un po\u00eale \u00e0 bois chauffe l\u2019eau pour la douche. Elle dispose d\u2019une toilette s\u00e8che. Faites [&hellip;]<\/p>\n","protected":false},"author":1,"featured_media":1758,"parent":0,"menu_order":0,"comment_status":"closed","ping_status":"closed","template":"","meta":{"footnotes":""},"class_list":["post-1266","page","type-page","status-publish","has-post-thumbnail","hentry","clearfix","post-index"],"yoast_head":"<!-- This site is optimized with the Yoast SEO plugin v27.3 - https:\/\/yoast.com\/product\/yoast-seo-wordpress\/ -->\n<title>Cabane du B\u00fbcheron : Un Refuge Rustique &amp; Romantique Pour Deux<\/title>\n<meta name=\"robots\" content=\"index, follow, max-snippet:-1, max-image-preview:large, max-video-preview:-1\" \/>\n<link rel=\"canonical\" href=\"https:\/\/covertcabin.com\/fr\/cabane-du-bucheron\/\" \/>\n<meta property=\"og:locale\" content=\"fr_FR\" \/>\n<meta property=\"og:type\" content=\"article\" \/>\n<meta property=\"og:title\" content=\"Cabane du B\u00fbcheron : Un Refuge Rustique &amp; Romantique Pour Deux\" \/>\n<meta property=\"og:description\" content=\"Cabane Rustique &amp; Romantique Pour Deux Cette belle cabane pour deux personnes se situe au bord d\u2019un bois. Sa d\u00e9coration romantique et bucolique fait de cette cabane un refuge id\u00e9ale pour un couple. Des panneaux photovolta\u00efques alimentent ses lumi\u00e8res et un po\u00eale \u00e0 bois chauffe l\u2019eau pour la douche. Elle dispose d\u2019une toilette s\u00e8che. Faites [&hellip;]\" \/>\n<meta property=\"og:url\" content=\"https:\/\/covertcabin.com\/fr\/cabane-du-bucheron\/\" \/>\n<meta property=\"og:site_name\" content=\"Covertcabin\" \/>\n<meta property=\"article:modified_time\" content=\"2024-10-01T09:28:38+00:00\" \/>\n<meta property=\"og:image\" content=\"https:\/\/covertcabin.com\/wp-content\/uploads\/2019\/06\/2.Woodsmans-cabin-2019-interior.jpg\" \/>\n\t<meta property=\"og:image:width\" content=\"960\" \/>\n\t<meta property=\"og:image:height\" content=\"540\" \/>\n\t<meta property=\"og:image:type\" content=\"image\/jpeg\" \/>\n<meta name=\"twitter:card\" content=\"summary_large_image\" \/>\n<meta name=\"twitter:label1\" content=\"Dur\u00e9e de lecture estim\u00e9e\" \/>\n\t<meta name=\"twitter:data1\" content=\"2 minutes\" \/>\n<script type=\"application\/ld+json\" class=\"yoast-schema-graph\">{\"@context\":\"https:\\\/\\\/schema.org\",\"@graph\":[{\"@type\":\"WebPage\",\"@id\":\"https:\\\/\\\/covertcabin.com\\\/fr\\\/cabane-du-bucheron\\\/\",\"url\":\"https:\\\/\\\/covertcabin.com\\\/fr\\\/cabane-du-bucheron\\\/\",\"name\":\"Cabane du B\u00fbcheron : Un Refuge Rustique & Romantique Pour Deux\",\"isPartOf\":{\"@id\":\"https:\\\/\\\/covertcabin.com\\\/#website\"},\"primaryImageOfPage\":{\"@id\":\"https:\\\/\\\/covertcabin.com\\\/fr\\\/cabane-du-bucheron\\\/#primaryimage\"},\"image\":{\"@id\":\"https:\\\/\\\/covertcabin.com\\\/fr\\\/cabane-du-bucheron\\\/#primaryimage\"},\"thumbnailUrl\":\"https:\\\/\\\/covertcabin.com\\\/wp-content\\\/uploads\\\/2019\\\/06\\\/2.Woodsmans-cabin-2019-interior.jpg\",\"datePublished\":\"2018-11-12T10:38:32+00:00\",\"dateModified\":\"2024-10-01T09:28:38+00:00\",\"breadcrumb\":{\"@id\":\"https:\\\/\\\/covertcabin.com\\\/fr\\\/cabane-du-bucheron\\\/#breadcrumb\"},\"inLanguage\":\"fr-FR\",\"potentialAction\":[{\"@type\":\"ReadAction\",\"target\":[\"https:\\\/\\\/covertcabin.com\\\/fr\\\/cabane-du-bucheron\\\/\"]}]},{\"@type\":\"ImageObject\",\"inLanguage\":\"fr-FR\",\"@id\":\"https:\\\/\\\/covertcabin.com\\\/fr\\\/cabane-du-bucheron\\\/#primaryimage\",\"url\":\"https:\\\/\\\/covertcabin.com\\\/wp-content\\\/uploads\\\/2019\\\/06\\\/2.Woodsmans-cabin-2019-interior.jpg\",\"contentUrl\":\"https:\\\/\\\/covertcabin.com\\\/wp-content\\\/uploads\\\/2019\\\/06\\\/2.Woodsmans-cabin-2019-interior.jpg\",\"width\":960,\"height\":540},{\"@type\":\"BreadcrumbList\",\"@id\":\"https:\\\/\\\/covertcabin.com\\\/fr\\\/cabane-du-bucheron\\\/#breadcrumb\",\"itemListElement\":[{\"@type\":\"ListItem\",\"position\":1,\"name\":\"Home\",\"item\":\"https:\\\/\\\/covertcabin.com\\\/fr\\\/\"},{\"@type\":\"ListItem\",\"position\":2,\"name\":\"La Cabane du B\u00fbcheron : Un Refuge Rustique &#038; Romantique Pour 2 Personnes\"}]},{\"@type\":\"WebSite\",\"@id\":\"https:\\\/\\\/covertcabin.com\\\/#website\",\"url\":\"https:\\\/\\\/covertcabin.com\\\/\",\"name\":\"Covertcabin\",\"description\":\"Location de cabanes hors r\u00e9seau en P\u00e9rigord Vert\",\"publisher\":{\"@id\":\"https:\\\/\\\/covertcabin.com\\\/#organization\"},\"potentialAction\":[{\"@type\":\"SearchAction\",\"target\":{\"@type\":\"EntryPoint\",\"urlTemplate\":\"https:\\\/\\\/covertcabin.com\\\/?s={search_term_string}\"},\"query-input\":{\"@type\":\"PropertyValueSpecification\",\"valueRequired\":true,\"valueName\":\"search_term_string\"}}],\"inLanguage\":\"fr-FR\"},{\"@type\":\"Organization\",\"@id\":\"https:\\\/\\\/covertcabin.com\\\/#organization\",\"name\":\"Covertcabin\",\"url\":\"https:\\\/\\\/covertcabin.com\\\/\",\"logo\":{\"@type\":\"ImageObject\",\"inLanguage\":\"fr-FR\",\"@id\":\"https:\\\/\\\/covertcabin.com\\\/#\\\/schema\\\/logo\\\/image\\\/\",\"url\":\"https:\\\/\\\/covertcabin.com\\\/wp-content\\\/uploads\\\/2017\\\/03\\\/covert-cabin-logo.png\",\"contentUrl\":\"https:\\\/\\\/covertcabin.com\\\/wp-content\\\/uploads\\\/2017\\\/03\\\/covert-cabin-logo.png\",\"width\":910,\"height\":629,\"caption\":\"Covertcabin\"},\"image\":{\"@id\":\"https:\\\/\\\/covertcabin.com\\\/#\\\/schema\\\/logo\\\/image\\\/\"}}]}<\/script>\n<!-- \/ Yoast SEO plugin. -->","yoast_head_json":{"title":"Cabane du B\u00fbcheron : Un Refuge Rustique & Romantique Pour Deux","robots":{"index":"index","follow":"follow","max-snippet":"max-snippet:-1","max-image-preview":"max-image-preview:large","max-video-preview":"max-video-preview:-1"},"canonical":"https:\/\/covertcabin.com\/fr\/cabane-du-bucheron\/","og_locale":"fr_FR","og_type":"article","og_title":"Cabane du B\u00fbcheron : Un Refuge Rustique & Romantique Pour Deux","og_description":"Cabane Rustique &amp; Romantique Pour Deux Cette belle cabane pour deux personnes se situe au bord d\u2019un bois. Sa d\u00e9coration romantique et bucolique fait de cette cabane un refuge id\u00e9ale pour un couple. Des panneaux photovolta\u00efques alimentent ses lumi\u00e8res et un po\u00eale \u00e0 bois chauffe l\u2019eau pour la douche. Elle dispose d\u2019une toilette s\u00e8che. Faites [&hellip;]","og_url":"https:\/\/covertcabin.com\/fr\/cabane-du-bucheron\/","og_site_name":"Covertcabin","article_modified_time":"2024-10-01T09:28:38+00:00","og_image":[{"width":960,"height":540,"url":"https:\/\/covertcabin.com\/wp-content\/uploads\/2019\/06\/2.Woodsmans-cabin-2019-interior.jpg","type":"image\/jpeg"}],"twitter_card":"summary_large_image","twitter_misc":{"Dur\u00e9e de lecture estim\u00e9e":"2 minutes"},"schema":{"@context":"https:\/\/schema.org","@graph":[{"@type":"WebPage","@id":"https:\/\/covertcabin.com\/fr\/cabane-du-bucheron\/","url":"https:\/\/covertcabin.com\/fr\/cabane-du-bucheron\/","name":"Cabane du B\u00fbcheron : Un Refuge Rustique & Romantique Pour Deux","isPartOf":{"@id":"https:\/\/covertcabin.com\/#website"},"primaryImageOfPage":{"@id":"https:\/\/covertcabin.com\/fr\/cabane-du-bucheron\/#primaryimage"},"image":{"@id":"https:\/\/covertcabin.com\/fr\/cabane-du-bucheron\/#primaryimage"},"thumbnailUrl":"https:\/\/covertcabin.com\/wp-content\/uploads\/2019\/06\/2.Woodsmans-cabin-2019-interior.jpg","datePublished":"2018-11-12T10:38:32+00:00","dateModified":"2024-10-01T09:28:38+00:00","breadcrumb":{"@id":"https:\/\/covertcabin.com\/fr\/cabane-du-bucheron\/#breadcrumb"},"inLanguage":"fr-FR","potentialAction":[{"@type":"ReadAction","target":["https:\/\/covertcabin.com\/fr\/cabane-du-bucheron\/"]}]},{"@type":"ImageObject","inLanguage":"fr-FR","@id":"https:\/\/covertcabin.com\/fr\/cabane-du-bucheron\/#primaryimage","url":"https:\/\/covertcabin.com\/wp-content\/uploads\/2019\/06\/2.Woodsmans-cabin-2019-interior.jpg","contentUrl":"https:\/\/covertcabin.com\/wp-content\/uploads\/2019\/06\/2.Woodsmans-cabin-2019-interior.jpg","width":960,"height":540},{"@type":"BreadcrumbList","@id":"https:\/\/covertcabin.com\/fr\/cabane-du-bucheron\/#breadcrumb","itemListElement":[{"@type":"ListItem","position":1,"name":"Home","item":"https:\/\/covertcabin.com\/fr\/"},{"@type":"ListItem","position":2,"name":"La Cabane du B\u00fbcheron : Un Refuge Rustique &#038; Romantique Pour 2 Personnes"}]},{"@type":"WebSite","@id":"https:\/\/covertcabin.com\/#website","url":"https:\/\/covertcabin.com\/","name":"Covertcabin","description":"Location de cabanes hors r\u00e9seau en P\u00e9rigord Vert","publisher":{"@id":"https:\/\/covertcabin.com\/#organization"},"potentialAction":[{"@type":"SearchAction","target":{"@type":"EntryPoint","urlTemplate":"https:\/\/covertcabin.com\/?s={search_term_string}"},"query-input":{"@type":"PropertyValueSpecification","valueRequired":true,"valueName":"search_term_string"}}],"inLanguage":"fr-FR"},{"@type":"Organization","@id":"https:\/\/covertcabin.com\/#organization","name":"Covertcabin","url":"https:\/\/covertcabin.com\/","logo":{"@type":"ImageObject","inLanguage":"fr-FR","@id":"https:\/\/covertcabin.com\/#\/schema\/logo\/image\/","url":"https:\/\/covertcabin.com\/wp-content\/uploads\/2017\/03\/covert-cabin-logo.png","contentUrl":"https:\/\/covertcabin.com\/wp-content\/uploads\/2017\/03\/covert-cabin-logo.png","width":910,"height":629,"caption":"Covertcabin"},"image":{"@id":"https:\/\/covertcabin.com\/#\/schema\/logo\/image\/"}}]}},"_links":{"self":[{"href":"https:\/\/covertcabin.com\/fr\/wp-json\/wp\/v2\/pages\/1266","targetHints":{"allow":["GET"]}}],"collection":[{"href":"https:\/\/covertcabin.com\/fr\/wp-json\/wp\/v2\/pages"}],"about":[{"href":"https:\/\/covertcabin.com\/fr\/wp-json\/wp\/v2\/types\/page"}],"author":[{"embeddable":true,"href":"https:\/\/covertcabin.com\/fr\/wp-json\/wp\/v2\/users\/1"}],"replies":[{"embeddable":true,"href":"https:\/\/covertcabin.com\/fr\/wp-json\/wp\/v2\/comments?post=1266"}],"version-history":[{"count":19,"href":"https:\/\/covertcabin.com\/fr\/wp-json\/wp\/v2\/pages\/1266\/revisions"}],"predecessor-version":[{"id":1933,"href":"https:\/\/covertcabin.com\/fr\/wp-json\/wp\/v2\/pages\/1266\/revisions\/1933"}],"wp:featuredmedia":[{"embeddable":true,"href":"https:\/\/covertcabin.com\/fr\/wp-json\/wp\/v2\/media\/1758"}],"wp:attachment":[{"href":"https:\/\/covertcabin.com\/fr\/wp-json\/wp\/v2\/media?parent=1266"}],"curies":[{"name":"wp","href":"https:\/\/api.w.org\/{rel}","templated":true}]}}