{"id":1265,"date":"2018-11-12T11:38:10","date_gmt":"2018-11-12T10:38:10","guid":{"rendered":"https:\/\/covertcabin.com\/?page_id=1265"},"modified":"2018-11-15T10:17:03","modified_gmt":"2018-11-15T09:17:03","slug":"activites","status":"publish","type":"page","link":"https:\/\/covertcabin.com\/fr\/activites\/","title":{"rendered":"Les Activit\u00e9s \u00e0 Covertcabin"},"content":{"rendered":"<h2>Une Journ\u00e9e Typique Chez Covertcabin<\/h2>\n<p>Alors comment se d\u00e9roule une journ\u00e9e typique chez Covertcabin ? Voici une petite infographique utile qui vous donnera un aper\u00e7u&#8230;<\/p>\n<p><img loading=\"lazy\" decoding=\"async\" class=\"aligncenter\" src=\"https:\/\/covertcabin.com\/wp-content\/uploads\/2017\/04\/alarm-clock-194x300.png\" alt=\"wake up at the cabin\" width=\"60\" height=\"93\" \/><strong>Je me l\u00e8ve quand je le souhaite et j&rsquo;evalue mon niveau d&rsquo;energie. La forme ?<\/strong><\/p>\n<table id=\"things-to-do\">\n<tbody>\n<tr>\n<td class=\"big-bold\">H\u00e9 be oui !<br \/>\n<img loading=\"lazy\" decoding=\"async\" class=\"arrow\" src=\"https:\/\/covertcabin.com\/wp-content\/uploads\/2017\/04\/arrow.png\" alt=\"arrow\" width=\"23\" height=\"50\" \/><\/td>\n<td class=\"big-bold\">Pas trop en fait&#8230;<br \/>\n<img loading=\"lazy\" decoding=\"async\" class=\"arrow\" src=\"https:\/\/covertcabin.com\/wp-content\/uploads\/2017\/04\/arrow.png\" alt=\"arrow\" width=\"23\" height=\"50\" \/><\/td>\n<\/tr>\n<tr>\n<td>Je me rends \u00e0 la boulangerie \u00e0 v\u00e9lo pour un petit caf\u00e9 et des croissants&#8230;<br \/>\n<img loading=\"lazy\" decoding=\"async\" src=\"https:\/\/covertcabin.com\/wp-content\/uploads\/2017\/04\/cyclists-downhill.png\" alt=\"cycle to village for croissants\" width=\"192\" height=\"128\" \/><br \/>\n<img loading=\"lazy\" decoding=\"async\" class=\"arrow\" src=\"https:\/\/covertcabin.com\/wp-content\/uploads\/2017\/04\/arrow.png\" alt=\"arrow\" width=\"23\" height=\"50\" \/><\/td>\n<td>OK, je prends la voiture pour aller chercher mon caf\u00e9 et mes croissants&#8230;<br \/>\n<img loading=\"lazy\" decoding=\"async\" src=\"https:\/\/covertcabin.com\/wp-content\/uploads\/2017\/04\/go-by-car.png\" alt=\"drive to piegut for croissants\" width=\"200\" height=\"150\" \/><br \/>\n<img loading=\"lazy\" decoding=\"async\" class=\"arrow\" src=\"https:\/\/covertcabin.com\/wp-content\/uploads\/2017\/04\/arrow.png\" alt=\"arrow\" width=\"23\" height=\"50\" \/><\/td>\n<\/tr>\n<tr>\n<td>J&rsquo;escalade la Tour de Pi\u00e9gut pour admirer la vue&#8230;<br \/>\n<img loading=\"lazy\" decoding=\"async\" src=\"https:\/\/covertcabin.com\/wp-content\/uploads\/2017\/04\/piegut-tower.png\" alt=\"climb the tour de Pi\u00e9gut\" width=\"179\" height=\"200\" \/><img loading=\"lazy\" decoding=\"async\" class=\"arrow arrow-right\" src=\"https:\/\/covertcabin.com\/wp-content\/uploads\/2017\/04\/arrow.png\" alt=\"arrow\" width=\"23\" height=\"50\" \/><\/td>\n<td>Je fais le tour du march\u00e9 pour acheter d&rsquo;immenses quantit\u00e9s de pain, de fromage et de vin&#8230;<br \/>\n<img loading=\"lazy\" decoding=\"async\" class=\"arrow arrow-diag-l\" src=\"https:\/\/covertcabin.com\/wp-content\/uploads\/2017\/04\/arrow.png\" alt=\"arrow\" width=\"23\" height=\"50\" \/><img loading=\"lazy\" decoding=\"async\" src=\"https:\/\/covertcabin.com\/wp-content\/uploads\/2017\/04\/market-stuff.png\" alt=\"french cheese and wine at pi\u00e9gut market\" width=\"250\" height=\"173\" \/><\/td>\n<\/tr>\n<tr>\n<td colspan=\"2\"><img loading=\"lazy\" decoding=\"async\" class=\"arrow arrow-diag-l\" src=\"https:\/\/covertcabin.com\/wp-content\/uploads\/2017\/04\/arrow.png\" alt=\"arrow\" width=\"23\" height=\"50\" \/>Je retourne \u00e0 ma cabane dans les bois<br \/> pour consommer d&rsquo;immenses quantit\u00e9s de pain, fromage, etc&#8230;<br \/>\n<img loading=\"lazy\" decoding=\"async\" src=\"https:\/\/covertcabin.com\/wp-content\/uploads\/2017\/04\/climb-hug-tree.png\" alt=\"climb a tree\" width=\"150\" height=\"200\" \/><img loading=\"lazy\" decoding=\"async\" class=\"arrow arrow-diag-r\" src=\"https:\/\/covertcabin.com\/wp-content\/uploads\/2017\/04\/arrow.png\" alt=\"arrow\" width=\"23\" height=\"50\" \/><\/td>\n<\/tr>\n<tr>\n<td>Je me promenade en cano\u00eb sur la rivi\u00e8re&#8230;<br \/>\n<img loading=\"lazy\" decoding=\"async\" class=\"alignnone size-full wp-image-1047\" src=\"https:\/\/covertcabin.com\/wp-content\/uploads\/2017\/04\/canoeing.png\" alt=\"go canoeing\" width=\"999\" height=\"579\" srcset=\"https:\/\/covertcabin.com\/wp-content\/uploads\/2017\/04\/canoeing.png 999w, https:\/\/covertcabin.com\/wp-content\/uploads\/2017\/04\/canoeing-300x174.png 300w, https:\/\/covertcabin.com\/wp-content\/uploads\/2017\/04\/canoeing-768x445.png 768w, https:\/\/covertcabin.com\/wp-content\/uploads\/2017\/04\/canoeing-594x344.png 594w\" sizes=\"auto, (max-width: 999px) 100vw, 999px\" \/><img loading=\"lazy\" decoding=\"async\" class=\"arrow arrow-diag-r\" src=\"https:\/\/covertcabin.com\/wp-content\/uploads\/2017\/04\/arrow.png\" alt=\"arrow\" width=\"23\" height=\"50\" \/><\/td>\n<td><img loading=\"lazy\" decoding=\"async\" class=\"arrow arrow-diag-l\" src=\"https:\/\/covertcabin.com\/wp-content\/uploads\/2017\/04\/arrow.png\" alt=\"arrow\" width=\"23\" height=\"50\" \/>&#8230;ou j&rsquo;exprime mon sens artistique avec le mat\u00e9riel fournit dans la cabane&#8230;<br \/>\n<img loading=\"lazy\" decoding=\"async\" class=\"alignnone size-full wp-image-1048\" src=\"https:\/\/covertcabin.com\/wp-content\/uploads\/2017\/04\/paint-art-stuff.png\" alt=\"paints and art supplies at the cabins\" width=\"179\" height=\"200\" srcset=\"https:\/\/covertcabin.com\/wp-content\/uploads\/2017\/04\/paint-art-stuff.png 618w, https:\/\/covertcabin.com\/wp-content\/uploads\/2017\/04\/paint-art-stuff-268x300.png 268w, https:\/\/covertcabin.com\/wp-content\/uploads\/2017\/04\/paint-art-stuff-594x665.png 594w\" sizes=\"auto, (max-width: 179px) 100vw, 179px\" \/><\/td>\n<\/tr>\n<tr>\n<td colspan=\"2\"><img loading=\"lazy\" decoding=\"async\" class=\"arrow arrow-diag-l\" src=\"https:\/\/covertcabin.com\/wp-content\/uploads\/2017\/04\/arrow.png\" alt=\"arrow\" width=\"23\" height=\"50\" \/><img loading=\"lazy\" decoding=\"async\" class=\"alignnone size-full wp-image-1049\" src=\"https:\/\/covertcabin.com\/wp-content\/uploads\/2017\/04\/raft.png\" alt=\"Ride the raft\" width=\"400\" height=\"250\" \/><\/td>\n<\/tr>\n<tr>\n<td>Un peu faim ? H\u00e9 b\u00e9 alors&#8230;<br \/>\n<img loading=\"lazy\" decoding=\"async\" class=\"alignnone size-full wp-image-1050\" src=\"https:\/\/covertcabin.com\/wp-content\/uploads\/2017\/04\/eat-in-out.png\" alt=\"eat in or out\" width=\"300\" height=\"197\" srcset=\"https:\/\/covertcabin.com\/wp-content\/uploads\/2017\/04\/eat-in-out.png 956w, https:\/\/covertcabin.com\/wp-content\/uploads\/2017\/04\/eat-in-out-300x197.png 300w, https:\/\/covertcabin.com\/wp-content\/uploads\/2017\/04\/eat-in-out-768x504.png 768w, https:\/\/covertcabin.com\/wp-content\/uploads\/2017\/04\/eat-in-out-630x415.png 630w, https:\/\/covertcabin.com\/wp-content\/uploads\/2017\/04\/eat-in-out-594x390.png 594w\" sizes=\"auto, (max-width: 300px) 100vw, 300px\" \/><img loading=\"lazy\" decoding=\"async\" class=\"arrow arrow-right\" src=\"https:\/\/covertcabin.com\/wp-content\/uploads\/2017\/04\/arrow.png\" alt=\"arrow\" width=\"23\" height=\"50\" \/><\/td>\n<td>Se baigner \u00e0 poil la nuit, cela vous tente ? Puis ensuite se blottir sous les \u00e9toiles&#8230;<br \/>\n<img loading=\"lazy\" decoding=\"async\" class=\"size-full wp-image-1051\" src=\"https:\/\/covertcabin.com\/wp-content\/uploads\/2017\/04\/star-gaze.png\" alt=\"\" width=\"300\" height=\"184\" \/><\/td>\n<\/tr>\n<\/tbody>\n<\/table>\n","protected":false},"excerpt":{"rendered":"<p>Une Journ\u00e9e Typique Chez Covertcabin Alors comment se d\u00e9roule une journ\u00e9e typique chez Covertcabin ? Voici une petite infographique utile qui vous donnera un aper\u00e7u&#8230; Je me l\u00e8ve quand je le souhaite et j&rsquo;evalue mon niveau d&rsquo;energie. La forme ? H\u00e9 be oui ! Pas trop en fait&#8230; Je me rends \u00e0 la boulangerie \u00e0 [&hellip;]<\/p>\n","protected":false},"author":1,"featured_media":1334,"parent":0,"menu_order":0,"comment_status":"closed","ping_status":"closed","template":"template-page-no-sidebar.php","meta":{"footnotes":""},"class_list":["post-1265","page","type-page","status-publish","has-post-thumbnail","hentry","clearfix","post-index"],"yoast_head":"<!-- This site is optimized with the Yoast SEO plugin v27.3 - https:\/\/yoast.com\/product\/yoast-seo-wordpress\/ -->\n<title>Les Activit\u00e9s \u00e0 Covertcabin - Covertcabin<\/title>\n<meta name=\"robots\" content=\"index, follow, max-snippet:-1, max-image-preview:large, max-video-preview:-1\" \/>\n<link rel=\"canonical\" href=\"https:\/\/covertcabin.com\/fr\/activites\/\" \/>\n<meta property=\"og:locale\" content=\"fr_FR\" \/>\n<meta property=\"og:type\" content=\"article\" \/>\n<meta property=\"og:title\" content=\"Les Activit\u00e9s \u00e0 Covertcabin - Covertcabin\" \/>\n<meta property=\"og:description\" content=\"Une Journ\u00e9e Typique Chez Covertcabin Alors comment se d\u00e9roule une journ\u00e9e typique chez Covertcabin ? Voici une petite infographique utile qui vous donnera un aper\u00e7u&#8230; Je me l\u00e8ve quand je le souhaite et j&rsquo;evalue mon niveau d&rsquo;energie. La forme ? H\u00e9 be oui ! Pas trop en fait&#8230; Je me rends \u00e0 la boulangerie \u00e0 [&hellip;]\" \/>\n<meta property=\"og:url\" content=\"https:\/\/covertcabin.com\/fr\/activites\/\" \/>\n<meta property=\"og:site_name\" content=\"Covertcabin\" \/>\n<meta property=\"article:modified_time\" content=\"2018-11-15T09:17:03+00:00\" \/>\n<meta property=\"og:image\" content=\"https:\/\/covertcabin.com\/wp-content\/uploads\/2017\/03\/things-to-do.jpg\" \/>\n\t<meta property=\"og:image:width\" content=\"1500\" \/>\n\t<meta property=\"og:image:height\" content=\"570\" \/>\n\t<meta property=\"og:image:type\" content=\"image\/jpeg\" \/>\n<meta name=\"twitter:card\" content=\"summary_large_image\" \/>\n<meta name=\"twitter:label1\" content=\"Dur\u00e9e de lecture estim\u00e9e\" \/>\n\t<meta name=\"twitter:data1\" content=\"1 minute\" \/>\n<script type=\"application\/ld+json\" class=\"yoast-schema-graph\">{\"@context\":\"https:\\\/\\\/schema.org\",\"@graph\":[{\"@type\":\"WebPage\",\"@id\":\"https:\\\/\\\/covertcabin.com\\\/fr\\\/activites\\\/\",\"url\":\"https:\\\/\\\/covertcabin.com\\\/fr\\\/activites\\\/\",\"name\":\"Les Activit\u00e9s \u00e0 Covertcabin - Covertcabin\",\"isPartOf\":{\"@id\":\"https:\\\/\\\/covertcabin.com\\\/#website\"},\"primaryImageOfPage\":{\"@id\":\"https:\\\/\\\/covertcabin.com\\\/fr\\\/activites\\\/#primaryimage\"},\"image\":{\"@id\":\"https:\\\/\\\/covertcabin.com\\\/fr\\\/activites\\\/#primaryimage\"},\"thumbnailUrl\":\"https:\\\/\\\/covertcabin.com\\\/wp-content\\\/uploads\\\/2017\\\/03\\\/things-to-do.jpg\",\"datePublished\":\"2018-11-12T10:38:10+00:00\",\"dateModified\":\"2018-11-15T09:17:03+00:00\",\"breadcrumb\":{\"@id\":\"https:\\\/\\\/covertcabin.com\\\/fr\\\/activites\\\/#breadcrumb\"},\"inLanguage\":\"fr-FR\",\"potentialAction\":[{\"@type\":\"ReadAction\",\"target\":[\"https:\\\/\\\/covertcabin.com\\\/fr\\\/activites\\\/\"]}]},{\"@type\":\"ImageObject\",\"inLanguage\":\"fr-FR\",\"@id\":\"https:\\\/\\\/covertcabin.com\\\/fr\\\/activites\\\/#primaryimage\",\"url\":\"https:\\\/\\\/covertcabin.com\\\/wp-content\\\/uploads\\\/2017\\\/03\\\/things-to-do.jpg\",\"contentUrl\":\"https:\\\/\\\/covertcabin.com\\\/wp-content\\\/uploads\\\/2017\\\/03\\\/things-to-do.jpg\",\"width\":1500,\"height\":570},{\"@type\":\"BreadcrumbList\",\"@id\":\"https:\\\/\\\/covertcabin.com\\\/fr\\\/activites\\\/#breadcrumb\",\"itemListElement\":[{\"@type\":\"ListItem\",\"position\":1,\"name\":\"Home\",\"item\":\"https:\\\/\\\/covertcabin.com\\\/fr\\\/\"},{\"@type\":\"ListItem\",\"position\":2,\"name\":\"Les Activit\u00e9s \u00e0 Covertcabin\"}]},{\"@type\":\"WebSite\",\"@id\":\"https:\\\/\\\/covertcabin.com\\\/#website\",\"url\":\"https:\\\/\\\/covertcabin.com\\\/\",\"name\":\"Covertcabin\",\"description\":\"Location de cabanes hors r\u00e9seau en P\u00e9rigord Vert\",\"publisher\":{\"@id\":\"https:\\\/\\\/covertcabin.com\\\/#organization\"},\"potentialAction\":[{\"@type\":\"SearchAction\",\"target\":{\"@type\":\"EntryPoint\",\"urlTemplate\":\"https:\\\/\\\/covertcabin.com\\\/?s={search_term_string}\"},\"query-input\":{\"@type\":\"PropertyValueSpecification\",\"valueRequired\":true,\"valueName\":\"search_term_string\"}}],\"inLanguage\":\"fr-FR\"},{\"@type\":\"Organization\",\"@id\":\"https:\\\/\\\/covertcabin.com\\\/#organization\",\"name\":\"Covertcabin\",\"url\":\"https:\\\/\\\/covertcabin.com\\\/\",\"logo\":{\"@type\":\"ImageObject\",\"inLanguage\":\"fr-FR\",\"@id\":\"https:\\\/\\\/covertcabin.com\\\/#\\\/schema\\\/logo\\\/image\\\/\",\"url\":\"https:\\\/\\\/covertcabin.com\\\/wp-content\\\/uploads\\\/2017\\\/03\\\/covert-cabin-logo.png\",\"contentUrl\":\"https:\\\/\\\/covertcabin.com\\\/wp-content\\\/uploads\\\/2017\\\/03\\\/covert-cabin-logo.png\",\"width\":910,\"height\":629,\"caption\":\"Covertcabin\"},\"image\":{\"@id\":\"https:\\\/\\\/covertcabin.com\\\/#\\\/schema\\\/logo\\\/image\\\/\"}}]}<\/script>\n<!-- \/ Yoast SEO plugin. -->","yoast_head_json":{"title":"Les Activit\u00e9s \u00e0 Covertcabin - Covertcabin","robots":{"index":"index","follow":"follow","max-snippet":"max-snippet:-1","max-image-preview":"max-image-preview:large","max-video-preview":"max-video-preview:-1"},"canonical":"https:\/\/covertcabin.com\/fr\/activites\/","og_locale":"fr_FR","og_type":"article","og_title":"Les Activit\u00e9s \u00e0 Covertcabin - Covertcabin","og_description":"Une Journ\u00e9e Typique Chez Covertcabin Alors comment se d\u00e9roule une journ\u00e9e typique chez Covertcabin ? Voici une petite infographique utile qui vous donnera un aper\u00e7u&#8230; Je me l\u00e8ve quand je le souhaite et j&rsquo;evalue mon niveau d&rsquo;energie. La forme ? H\u00e9 be oui ! Pas trop en fait&#8230; Je me rends \u00e0 la boulangerie \u00e0 [&hellip;]","og_url":"https:\/\/covertcabin.com\/fr\/activites\/","og_site_name":"Covertcabin","article_modified_time":"2018-11-15T09:17:03+00:00","og_image":[{"width":1500,"height":570,"url":"https:\/\/covertcabin.com\/wp-content\/uploads\/2017\/03\/things-to-do.jpg","type":"image\/jpeg"}],"twitter_card":"summary_large_image","twitter_misc":{"Dur\u00e9e de lecture estim\u00e9e":"1 minute"},"schema":{"@context":"https:\/\/schema.org","@graph":[{"@type":"WebPage","@id":"https:\/\/covertcabin.com\/fr\/activites\/","url":"https:\/\/covertcabin.com\/fr\/activites\/","name":"Les Activit\u00e9s \u00e0 Covertcabin - Covertcabin","isPartOf":{"@id":"https:\/\/covertcabin.com\/#website"},"primaryImageOfPage":{"@id":"https:\/\/covertcabin.com\/fr\/activites\/#primaryimage"},"image":{"@id":"https:\/\/covertcabin.com\/fr\/activites\/#primaryimage"},"thumbnailUrl":"https:\/\/covertcabin.com\/wp-content\/uploads\/2017\/03\/things-to-do.jpg","datePublished":"2018-11-12T10:38:10+00:00","dateModified":"2018-11-15T09:17:03+00:00","breadcrumb":{"@id":"https:\/\/covertcabin.com\/fr\/activites\/#breadcrumb"},"inLanguage":"fr-FR","potentialAction":[{"@type":"ReadAction","target":["https:\/\/covertcabin.com\/fr\/activites\/"]}]},{"@type":"ImageObject","inLanguage":"fr-FR","@id":"https:\/\/covertcabin.com\/fr\/activites\/#primaryimage","url":"https:\/\/covertcabin.com\/wp-content\/uploads\/2017\/03\/things-to-do.jpg","contentUrl":"https:\/\/covertcabin.com\/wp-content\/uploads\/2017\/03\/things-to-do.jpg","width":1500,"height":570},{"@type":"BreadcrumbList","@id":"https:\/\/covertcabin.com\/fr\/activites\/#breadcrumb","itemListElement":[{"@type":"ListItem","position":1,"name":"Home","item":"https:\/\/covertcabin.com\/fr\/"},{"@type":"ListItem","position":2,"name":"Les Activit\u00e9s \u00e0 Covertcabin"}]},{"@type":"WebSite","@id":"https:\/\/covertcabin.com\/#website","url":"https:\/\/covertcabin.com\/","name":"Covertcabin","description":"Location de cabanes hors r\u00e9seau en P\u00e9rigord Vert","publisher":{"@id":"https:\/\/covertcabin.com\/#organization"},"potentialAction":[{"@type":"SearchAction","target":{"@type":"EntryPoint","urlTemplate":"https:\/\/covertcabin.com\/?s={search_term_string}"},"query-input":{"@type":"PropertyValueSpecification","valueRequired":true,"valueName":"search_term_string"}}],"inLanguage":"fr-FR"},{"@type":"Organization","@id":"https:\/\/covertcabin.com\/#organization","name":"Covertcabin","url":"https:\/\/covertcabin.com\/","logo":{"@type":"ImageObject","inLanguage":"fr-FR","@id":"https:\/\/covertcabin.com\/#\/schema\/logo\/image\/","url":"https:\/\/covertcabin.com\/wp-content\/uploads\/2017\/03\/covert-cabin-logo.png","contentUrl":"https:\/\/covertcabin.com\/wp-content\/uploads\/2017\/03\/covert-cabin-logo.png","width":910,"height":629,"caption":"Covertcabin"},"image":{"@id":"https:\/\/covertcabin.com\/#\/schema\/logo\/image\/"}}]}},"_links":{"self":[{"href":"https:\/\/covertcabin.com\/fr\/wp-json\/wp\/v2\/pages\/1265","targetHints":{"allow":["GET"]}}],"collection":[{"href":"https:\/\/covertcabin.com\/fr\/wp-json\/wp\/v2\/pages"}],"about":[{"href":"https:\/\/covertcabin.com\/fr\/wp-json\/wp\/v2\/types\/page"}],"author":[{"embeddable":true,"href":"https:\/\/covertcabin.com\/fr\/wp-json\/wp\/v2\/users\/1"}],"replies":[{"embeddable":true,"href":"https:\/\/covertcabin.com\/fr\/wp-json\/wp\/v2\/comments?post=1265"}],"version-history":[{"count":13,"href":"https:\/\/covertcabin.com\/fr\/wp-json\/wp\/v2\/pages\/1265\/revisions"}],"predecessor-version":[{"id":1566,"href":"https:\/\/covertcabin.com\/fr\/wp-json\/wp\/v2\/pages\/1265\/revisions\/1566"}],"wp:featuredmedia":[{"embeddable":true,"href":"https:\/\/covertcabin.com\/fr\/wp-json\/wp\/v2\/media\/1334"}],"wp:attachment":[{"href":"https:\/\/covertcabin.com\/fr\/wp-json\/wp\/v2\/media?parent=1265"}],"curies":[{"name":"wp","href":"https:\/\/api.w.org\/{rel}","templated":true}]}}