{"id":1263,"date":"2018-11-12T11:36:20","date_gmt":"2018-11-12T10:36:20","guid":{"rendered":"https:\/\/covertcabin.com\/?page_id=1263"},"modified":"2026-03-28T14:42:44","modified_gmt":"2026-03-28T13:42:44","slug":"petit-rocher","status":"publish","type":"page","link":"https:\/\/covertcabin.com\/fr\/petit-rocher\/","title":{"rendered":"Le Petit Rocher : Cabane Isol\u00e9e dans les Bois Pour 2 Personnes"},"content":{"rendered":"<h2>Le confort et l\u2019isolement du Petit Rocher<\/h2>\n<p>Suivez la route qui traverse la for\u00eat, qui se transforme d\u2019abord en chemin, puis ensuite en piste, et vous allez d\u00e9couvrir le monde perdu du Petit Rocher. Situ\u00e9 pr\u00e8s d\u2019un grand \u00e9tang, non loin d\u2019un jolie petit bassin, c\u2019est un oasis cach\u00e9 dans les bois. L\u00e0, vous verrez le rocher \u00e9ponyme dont notre cabane tire son nom.<\/p>\n<h2>Faites le Tour du Petit Rocher<\/h2>\n<div class=\"videoWrapper clearfix\"><iframe src=\"https:\/\/www.youtube-nocookie.com\/embed\/mzYsCJCvDhs\" frameborder=\"0\" allowfullscreen=\"allowfullscreen\"><\/iframe><\/div>\n<div id='gallery-1' class='gallery galleryid-1263 gallery-columns-4 gallery-size-thumbnail'><figure class='gallery-item'>\n\t\t\t<div class='gallery-icon landscape'>\n\t\t\t\t<a href='https:\/\/covertcabin.com\/wp-content\/uploads\/2023\/07\/1.-Little-Rock-and-Cabin-scaled.jpeg'><img loading=\"lazy\" decoding=\"async\" width=\"150\" height=\"150\" src=\"https:\/\/covertcabin.com\/wp-content\/uploads\/2023\/07\/1.-Little-Rock-and-Cabin-150x150.jpeg\" class=\"attachment-thumbnail size-thumbnail\" alt=\"\" aria-describedby=\"gallery-1-1828\" srcset=\"https:\/\/covertcabin.com\/wp-content\/uploads\/2023\/07\/1.-Little-Rock-and-Cabin-150x150.jpeg 150w, https:\/\/covertcabin.com\/wp-content\/uploads\/2023\/07\/1.-Little-Rock-and-Cabin-250x250.jpeg 250w\" sizes=\"auto, (max-width: 150px) 100vw, 150px\" \/><\/a>\n\t\t\t<\/div>\n\t\t\t\t<figcaption class='wp-caption-text gallery-caption' id='gallery-1-1828'>\n\t\t\t\tLittle Rock at Little Rock\n\t\t\t\t<\/figcaption><\/figure><figure class='gallery-item'>\n\t\t\t<div class='gallery-icon landscape'>\n\t\t\t\t<a href='https:\/\/covertcabin.com\/wp-content\/uploads\/2023\/07\/2.-deck-Table-wide-Little-Rock-scaled.jpeg'><img loading=\"lazy\" decoding=\"async\" width=\"150\" height=\"150\" src=\"https:\/\/covertcabin.com\/wp-content\/uploads\/2023\/07\/2.-deck-Table-wide-Little-Rock-150x150.jpeg\" class=\"attachment-thumbnail size-thumbnail\" alt=\"\" aria-describedby=\"gallery-1-1830\" srcset=\"https:\/\/covertcabin.com\/wp-content\/uploads\/2023\/07\/2.-deck-Table-wide-Little-Rock-150x150.jpeg 150w, https:\/\/covertcabin.com\/wp-content\/uploads\/2023\/07\/2.-deck-Table-wide-Little-Rock-250x250.jpeg 250w\" sizes=\"auto, (max-width: 150px) 100vw, 150px\" \/><\/a>\n\t\t\t<\/div>\n\t\t\t\t<figcaption class='wp-caption-text gallery-caption' id='gallery-1-1830'>\n\t\t\t\tLittle Rock Cabin\n\t\t\t\t<\/figcaption><\/figure><figure class='gallery-item'>\n\t\t\t<div class='gallery-icon landscape'>\n\t\t\t\t<a href='https:\/\/covertcabin.com\/wp-content\/uploads\/2023\/07\/5.-seating-area-Little-Rock-scaled.jpeg'><img loading=\"lazy\" decoding=\"async\" width=\"150\" height=\"150\" src=\"https:\/\/covertcabin.com\/wp-content\/uploads\/2023\/07\/5.-seating-area-Little-Rock-150x150.jpeg\" class=\"attachment-thumbnail size-thumbnail\" alt=\"\" aria-describedby=\"gallery-1-1839\" srcset=\"https:\/\/covertcabin.com\/wp-content\/uploads\/2023\/07\/5.-seating-area-Little-Rock-150x150.jpeg 150w, https:\/\/covertcabin.com\/wp-content\/uploads\/2023\/07\/5.-seating-area-Little-Rock-250x250.jpeg 250w\" sizes=\"auto, (max-width: 150px) 100vw, 150px\" \/><\/a>\n\t\t\t<\/div>\n\t\t\t\t<figcaption class='wp-caption-text gallery-caption' id='gallery-1-1839'>\n\t\t\t\tSit at Little Rock\n\t\t\t\t<\/figcaption><\/figure><figure class='gallery-item'>\n\t\t\t<div class='gallery-icon landscape'>\n\t\t\t\t<a href='https:\/\/covertcabin.com\/wp-content\/uploads\/2023\/07\/7.-Kitchen-area-at-Little-Rock-scaled.jpeg'><img loading=\"lazy\" decoding=\"async\" width=\"150\" height=\"150\" src=\"https:\/\/covertcabin.com\/wp-content\/uploads\/2023\/07\/7.-Kitchen-area-at-Little-Rock-150x150.jpeg\" class=\"attachment-thumbnail size-thumbnail\" alt=\"\" aria-describedby=\"gallery-1-1836\" srcset=\"https:\/\/covertcabin.com\/wp-content\/uploads\/2023\/07\/7.-Kitchen-area-at-Little-Rock-150x150.jpeg 150w, https:\/\/covertcabin.com\/wp-content\/uploads\/2023\/07\/7.-Kitchen-area-at-Little-Rock-250x250.jpeg 250w\" sizes=\"auto, (max-width: 150px) 100vw, 150px\" \/><\/a>\n\t\t\t<\/div>\n\t\t\t\t<figcaption class='wp-caption-text gallery-caption' id='gallery-1-1836'>\n\t\t\t\tCook at little Rock\n\t\t\t\t<\/figcaption><\/figure><figure class='gallery-item'>\n\t\t\t<div class='gallery-icon portrait'>\n\t\t\t\t<a href='https:\/\/covertcabin.com\/wp-content\/uploads\/2023\/07\/3.-longshot-deck-scaled.jpeg'><img loading=\"lazy\" decoding=\"async\" width=\"150\" height=\"150\" src=\"https:\/\/covertcabin.com\/wp-content\/uploads\/2023\/07\/3.-longshot-deck-150x150.jpeg\" class=\"attachment-thumbnail size-thumbnail\" alt=\"\" aria-describedby=\"gallery-1-1832\" srcset=\"https:\/\/covertcabin.com\/wp-content\/uploads\/2023\/07\/3.-longshot-deck-150x150.jpeg 150w, https:\/\/covertcabin.com\/wp-content\/uploads\/2023\/07\/3.-longshot-deck-250x250.jpeg 250w\" sizes=\"auto, (max-width: 150px) 100vw, 150px\" \/><\/a>\n\t\t\t<\/div>\n\t\t\t\t<figcaption class='wp-caption-text gallery-caption' id='gallery-1-1832'>\n\t\t\t\tDeck at little Rock\n\t\t\t\t<\/figcaption><\/figure><figure class='gallery-item'>\n\t\t\t<div class='gallery-icon landscape'>\n\t\t\t\t<a href='https:\/\/covertcabin.com\/wp-content\/uploads\/2023\/07\/4.-Bed-at-Little-Rock-scaled.jpeg'><img loading=\"lazy\" decoding=\"async\" width=\"150\" height=\"150\" src=\"https:\/\/covertcabin.com\/wp-content\/uploads\/2023\/07\/4.-Bed-at-Little-Rock-150x150.jpeg\" class=\"attachment-thumbnail size-thumbnail\" alt=\"\" aria-describedby=\"gallery-1-1834\" srcset=\"https:\/\/covertcabin.com\/wp-content\/uploads\/2023\/07\/4.-Bed-at-Little-Rock-150x150.jpeg 150w, https:\/\/covertcabin.com\/wp-content\/uploads\/2023\/07\/4.-Bed-at-Little-Rock-250x250.jpeg 250w\" sizes=\"auto, (max-width: 150px) 100vw, 150px\" \/><\/a>\n\t\t\t<\/div>\n\t\t\t\t<figcaption class='wp-caption-text gallery-caption' id='gallery-1-1834'>\n\t\t\t\tSleep at little Rock\n\t\t\t\t<\/figcaption><\/figure><figure class='gallery-item'>\n\t\t\t<div class='gallery-icon portrait'>\n\t\t\t\t<a href='https:\/\/covertcabin.com\/wp-content\/uploads\/2023\/07\/IMG_8178-scaled.jpeg'><img loading=\"lazy\" decoding=\"async\" width=\"150\" height=\"150\" src=\"https:\/\/covertcabin.com\/wp-content\/uploads\/2023\/07\/IMG_8178-150x150.jpeg\" class=\"attachment-thumbnail size-thumbnail\" alt=\"\" aria-describedby=\"gallery-1-1848\" srcset=\"https:\/\/covertcabin.com\/wp-content\/uploads\/2023\/07\/IMG_8178-150x150.jpeg 150w, https:\/\/covertcabin.com\/wp-content\/uploads\/2023\/07\/IMG_8178-250x250.jpeg 250w\" sizes=\"auto, (max-width: 150px) 100vw, 150px\" \/><\/a>\n\t\t\t<\/div>\n\t\t\t\t<figcaption class='wp-caption-text gallery-caption' id='gallery-1-1848'>\n\t\t\t\tBeer at Little Rock\n\t\t\t\t<\/figcaption><\/figure><figure class='gallery-item'>\n\t\t\t<div class='gallery-icon portrait'>\n\t\t\t\t<a href='https:\/\/covertcabin.com\/wp-content\/uploads\/2023\/07\/9.-Skippy-and-Woodburner-Little-Rock-scaled.jpeg'><img loading=\"lazy\" decoding=\"async\" width=\"150\" height=\"150\" src=\"https:\/\/covertcabin.com\/wp-content\/uploads\/2023\/07\/9.-Skippy-and-Woodburner-Little-Rock-150x150.jpeg\" class=\"attachment-thumbnail size-thumbnail\" alt=\"\" aria-describedby=\"gallery-1-1841\" srcset=\"https:\/\/covertcabin.com\/wp-content\/uploads\/2023\/07\/9.-Skippy-and-Woodburner-Little-Rock-150x150.jpeg 150w, https:\/\/covertcabin.com\/wp-content\/uploads\/2023\/07\/9.-Skippy-and-Woodburner-Little-Rock-250x250.jpeg 250w\" sizes=\"auto, (max-width: 150px) 100vw, 150px\" \/><\/a>\n\t\t\t<\/div>\n\t\t\t\t<figcaption class='wp-caption-text gallery-caption' id='gallery-1-1841'>\n\t\t\t\tDogs can come too at Little Rock\n\t\t\t\t<\/figcaption><\/figure><figure class='gallery-item'>\n\t\t\t<div class='gallery-icon portrait'>\n\t\t\t\t<a href='https:\/\/covertcabin.com\/wp-content\/uploads\/2023\/07\/IMG_8173-scaled.jpeg'><img loading=\"lazy\" decoding=\"async\" width=\"150\" height=\"150\" src=\"https:\/\/covertcabin.com\/wp-content\/uploads\/2023\/07\/IMG_8173-150x150.jpeg\" class=\"attachment-thumbnail size-thumbnail\" alt=\"\" aria-describedby=\"gallery-1-1850\" srcset=\"https:\/\/covertcabin.com\/wp-content\/uploads\/2023\/07\/IMG_8173-150x150.jpeg 150w, https:\/\/covertcabin.com\/wp-content\/uploads\/2023\/07\/IMG_8173-250x250.jpeg 250w\" sizes=\"auto, (max-width: 150px) 100vw, 150px\" \/><\/a>\n\t\t\t<\/div>\n\t\t\t\t<figcaption class='wp-caption-text gallery-caption' id='gallery-1-1850'>\n\t\t\t\tFloat at Little Rock\n\t\t\t\t<\/figcaption><\/figure><figure class='gallery-item'>\n\t\t\t<div class='gallery-icon portrait'>\n\t\t\t\t<a href='https:\/\/covertcabin.com\/wp-content\/uploads\/2023\/07\/10.-drone-shot.jpg'><img loading=\"lazy\" decoding=\"async\" width=\"150\" height=\"150\" src=\"https:\/\/covertcabin.com\/wp-content\/uploads\/2023\/07\/10.-drone-shot-150x150.jpg\" class=\"attachment-thumbnail size-thumbnail\" alt=\"\" aria-describedby=\"gallery-1-1854\" srcset=\"https:\/\/covertcabin.com\/wp-content\/uploads\/2023\/07\/10.-drone-shot-150x150.jpg 150w, https:\/\/covertcabin.com\/wp-content\/uploads\/2023\/07\/10.-drone-shot-250x250.jpg 250w\" sizes=\"auto, (max-width: 150px) 100vw, 150px\" \/><\/a>\n\t\t\t<\/div>\n\t\t\t\t<figcaption class='wp-caption-text gallery-caption' id='gallery-1-1854'>\n\t\t\t\tBird&rsquo;s Eye View of Little Rock\n\t\t\t\t<\/figcaption><\/figure><figure class='gallery-item'>\n\t\t\t<div class='gallery-icon portrait'>\n\t\t\t\t<a href='https:\/\/covertcabin.com\/wp-content\/uploads\/2023\/07\/starry-skies-at-Little-Rock.jpg'><img loading=\"lazy\" decoding=\"async\" width=\"150\" height=\"150\" src=\"https:\/\/covertcabin.com\/wp-content\/uploads\/2023\/07\/starry-skies-at-Little-Rock-150x150.jpg\" class=\"attachment-thumbnail size-thumbnail\" alt=\"\" aria-describedby=\"gallery-1-1857\" srcset=\"https:\/\/covertcabin.com\/wp-content\/uploads\/2023\/07\/starry-skies-at-Little-Rock-150x150.jpg 150w, https:\/\/covertcabin.com\/wp-content\/uploads\/2023\/07\/starry-skies-at-Little-Rock-250x250.jpg 250w\" sizes=\"auto, (max-width: 150px) 100vw, 150px\" \/><\/a>\n\t\t\t<\/div>\n\t\t\t\t<figcaption class='wp-caption-text gallery-caption' id='gallery-1-1857'>\n\t\t\t\tMilky Way at Little Rock\n\t\t\t\t<\/figcaption><\/figure><figure class='gallery-item'>\n\t\t\t<div class='gallery-icon landscape'>\n\t\t\t\t<a href='https:\/\/covertcabin.com\/wp-content\/uploads\/2023\/07\/Dragonfly-at-Little-Rock.jpg'><img loading=\"lazy\" decoding=\"async\" width=\"150\" height=\"150\" src=\"https:\/\/covertcabin.com\/wp-content\/uploads\/2023\/07\/Dragonfly-at-Little-Rock-150x150.jpg\" class=\"attachment-thumbnail size-thumbnail\" alt=\"\" aria-describedby=\"gallery-1-1859\" srcset=\"https:\/\/covertcabin.com\/wp-content\/uploads\/2023\/07\/Dragonfly-at-Little-Rock-150x150.jpg 150w, https:\/\/covertcabin.com\/wp-content\/uploads\/2023\/07\/Dragonfly-at-Little-Rock-250x250.jpg 250w\" sizes=\"auto, (max-width: 150px) 100vw, 150px\" \/><\/a>\n\t\t\t<\/div>\n\t\t\t\t<figcaption class='wp-caption-text gallery-caption' id='gallery-1-1859'>\n\t\t\t\tDragonfly at Little Rock\n\t\t\t\t<\/figcaption><\/figure>\n\t\t<\/div>\n\n<p><a class=\"cta\" href=\"https:\/\/covertcabin.com\/fr\/reserver\/\">R\u00e9server<\/a><br \/>La cabane elle-m\u00eame ne mesure que 2m x 4,5m mais elle dispose de tous les \u00e9l\u00e9ments n\u00e9cessaires pour un s\u00e9jour confortable dans les bois. Les grandes portes vertes donnent sur un coin s\u00e9jour truff\u00e9 de bouquins, de jeux et de mat\u00e9riel de dessin. Il contient \u00e9galement notre petit \u00ab\u00a0magasin en bo\u00eete\u00a0\u00bb\u00a0: une s\u00e9lection d\u2019articles essentiels pour vous d\u00e9panner si jamais les magasins soient ferm\u00e9s avant votre arriv\u00e9e.<\/p>\n<p>Elle dispose d\u2019un grand lit de 1,40 x 1,90 cm et d\u2019une petite cuisine \u00e9quip\u00e9e avec cuisini\u00e8re au gaz, \u00e9vier et une alimentation d\u2019eau froide. Des \u00e9l\u00e9ments essentiels vous sont offerts, tels que le th\u00e9, le caf\u00e9, une bouteille de vin, et des fournitures de cuisine. A l\u2019ext\u00e9rieur, un petit frigo au gaz contient des bi\u00e8res fra\u00eeches. De l\u2019eau potable est fournit. Le linge de lit, les serviettes, le papier toilette, les articles de toilette et les produits de nettoyage sont \u00e9galement fournis. C\u2019est une cabane hors r\u00e9seau qui est aliment\u00e9 par des panneaux photovolta\u00efques. Une prise 12v est \u00e0 votre disposition pour recharger vos portables.<\/p>\n<p>Une terrasse couverte avec barbecue, table et chaises donne sur l\u2019\u00e9tang. Profitez du bateau ou du mat\u00e9riel de p\u00eache, ou l\u00e9zardez dans l\u2019un des hamacs. Une porte m\u00e8ne \u00e0 la \u00ab\u00a0plus petite pi\u00e8ce\u00a0\u00bb avec sa douche chauff\u00e9e au bois, son lavabo et sa toilette s\u00e8che. Attention\u00a0: c\u2019est une pi\u00e8ce qui n\u2019est pas totalement abrit\u00e9e des intemp\u00e9ries. Pour chauffer la douche thermostatique, il suffit d\u2019allumer le po\u00eale qui chauffe ensuite la cuve d\u2019eau.<\/p>\n<p>Un peu plus loin vous d\u00e9couvrirez des pistes de randonn\u00e9e, des brocantes, des march\u00e9s locales et aussi des march\u00e9s de nuit. Et tout le long de l\u2019\u00e9t\u00e9 il y des f\u00eates et des feux d\u2019artifice.<\/p>\n<p>Il y plein d\u2019activit\u00e9s \u00e0 votre porte. On peut faire du cano\u00eb sur la rivi\u00e8re \u00e0 25 minutes, faire le tour des brocantes, ou visiter les grottes, ch\u00e2teaux et belles villages locaux. Il y a plusieurs \u00e9tangs de baignade, dont plusieurs avec des plages. De nombreux restaurants et caf\u00e9s se trouvent dans le secteur, dont le plus proche est \u00e0 3,5km de la cabane.<\/p>\n<h2>S\u00e9journer au Petit Rocher<\/h2>\n<p>Le Petit Rocher est disponible du 01 juin jusqu\u2019au 31 ao\u00fbt, pour 95\u20ac la nuit. S\u00e9jour minimum de trois nuits. L\u2019heure d\u2019arriv\u00e9e est 16h00, et l\u2019heure de d\u00e9part est 10h, sauf accord contraire.<\/p>\n<p><a class=\"cta\" href=\"https:\/\/covertcabin.com\/fr\/reserver\/\">R\u00e9server<\/a><\/p>\n\n\n<p><\/p>\n","protected":false},"excerpt":{"rendered":"<p>Le confort et l\u2019isolement du Petit Rocher Suivez la route qui traverse la for\u00eat, qui se transforme d\u2019abord en chemin, puis ensuite en piste, et vous allez d\u00e9couvrir le monde perdu du Petit Rocher. Situ\u00e9 pr\u00e8s d\u2019un grand \u00e9tang, non loin d\u2019un jolie petit bassin, c\u2019est un oasis cach\u00e9 dans les bois. L\u00e0, vous verrez [&hellip;]<\/p>\n","protected":false},"author":1,"featured_media":1846,"parent":0,"menu_order":0,"comment_status":"closed","ping_status":"closed","template":"","meta":{"footnotes":""},"class_list":["post-1263","page","type-page","status-publish","has-post-thumbnail","hentry","clearfix","post-index"],"yoast_head":"<!-- This site is optimized with the Yoast SEO plugin v27.3 - https:\/\/yoast.com\/product\/yoast-seo-wordpress\/ -->\n<title>Le Petit Rocher : Cabane Isol\u00e9e dans les Bois Pour 2 Personnes<\/title>\n<meta name=\"robots\" content=\"index, follow, max-snippet:-1, max-image-preview:large, max-video-preview:-1\" \/>\n<link rel=\"canonical\" href=\"https:\/\/covertcabin.com\/fr\/petit-rocher\/\" \/>\n<meta property=\"og:locale\" content=\"fr_FR\" \/>\n<meta property=\"og:type\" content=\"article\" \/>\n<meta property=\"og:title\" content=\"Le Petit Rocher : Cabane Isol\u00e9e dans les Bois Pour 2 Personnes\" \/>\n<meta property=\"og:description\" content=\"Le confort et l\u2019isolement du Petit Rocher Suivez la route qui traverse la for\u00eat, qui se transforme d\u2019abord en chemin, puis ensuite en piste, et vous allez d\u00e9couvrir le monde perdu du Petit Rocher. Situ\u00e9 pr\u00e8s d\u2019un grand \u00e9tang, non loin d\u2019un jolie petit bassin, c\u2019est un oasis cach\u00e9 dans les bois. L\u00e0, vous verrez [&hellip;]\" \/>\n<meta property=\"og:url\" content=\"https:\/\/covertcabin.com\/fr\/petit-rocher\/\" \/>\n<meta property=\"og:site_name\" content=\"Covertcabin\" \/>\n<meta property=\"article:modified_time\" content=\"2026-03-28T13:42:44+00:00\" \/>\n<meta property=\"og:image\" content=\"https:\/\/covertcabin.com\/wp-content\/uploads\/2023\/07\/1B-banner-scaled.jpeg\" \/>\n\t<meta property=\"og:image:width\" content=\"2560\" \/>\n\t<meta property=\"og:image:height\" content=\"947\" \/>\n\t<meta property=\"og:image:type\" content=\"image\/jpeg\" \/>\n<meta name=\"twitter:card\" content=\"summary_large_image\" \/>\n<meta name=\"twitter:label1\" content=\"Dur\u00e9e de lecture estim\u00e9e\" \/>\n\t<meta name=\"twitter:data1\" content=\"3 minutes\" \/>\n<script type=\"application\/ld+json\" class=\"yoast-schema-graph\">{\"@context\":\"https:\\\/\\\/schema.org\",\"@graph\":[{\"@type\":\"WebPage\",\"@id\":\"https:\\\/\\\/covertcabin.com\\\/fr\\\/petit-rocher\\\/\",\"url\":\"https:\\\/\\\/covertcabin.com\\\/fr\\\/petit-rocher\\\/\",\"name\":\"Le Petit Rocher : Cabane Isol\u00e9e dans les Bois Pour 2 Personnes\",\"isPartOf\":{\"@id\":\"https:\\\/\\\/covertcabin.com\\\/#website\"},\"primaryImageOfPage\":{\"@id\":\"https:\\\/\\\/covertcabin.com\\\/fr\\\/petit-rocher\\\/#primaryimage\"},\"image\":{\"@id\":\"https:\\\/\\\/covertcabin.com\\\/fr\\\/petit-rocher\\\/#primaryimage\"},\"thumbnailUrl\":\"https:\\\/\\\/covertcabin.com\\\/wp-content\\\/uploads\\\/2023\\\/07\\\/1B-banner-scaled.jpeg\",\"datePublished\":\"2018-11-12T10:36:20+00:00\",\"dateModified\":\"2026-03-28T13:42:44+00:00\",\"breadcrumb\":{\"@id\":\"https:\\\/\\\/covertcabin.com\\\/fr\\\/petit-rocher\\\/#breadcrumb\"},\"inLanguage\":\"fr-FR\",\"potentialAction\":[{\"@type\":\"ReadAction\",\"target\":[\"https:\\\/\\\/covertcabin.com\\\/fr\\\/petit-rocher\\\/\"]}]},{\"@type\":\"ImageObject\",\"inLanguage\":\"fr-FR\",\"@id\":\"https:\\\/\\\/covertcabin.com\\\/fr\\\/petit-rocher\\\/#primaryimage\",\"url\":\"https:\\\/\\\/covertcabin.com\\\/wp-content\\\/uploads\\\/2023\\\/07\\\/1B-banner-scaled.jpeg\",\"contentUrl\":\"https:\\\/\\\/covertcabin.com\\\/wp-content\\\/uploads\\\/2023\\\/07\\\/1B-banner-scaled.jpeg\",\"width\":2560,\"height\":947},{\"@type\":\"BreadcrumbList\",\"@id\":\"https:\\\/\\\/covertcabin.com\\\/fr\\\/petit-rocher\\\/#breadcrumb\",\"itemListElement\":[{\"@type\":\"ListItem\",\"position\":1,\"name\":\"Home\",\"item\":\"https:\\\/\\\/covertcabin.com\\\/fr\\\/\"},{\"@type\":\"ListItem\",\"position\":2,\"name\":\"Le Petit Rocher : Cabane Isol\u00e9e dans les Bois Pour 2 Personnes\"}]},{\"@type\":\"WebSite\",\"@id\":\"https:\\\/\\\/covertcabin.com\\\/#website\",\"url\":\"https:\\\/\\\/covertcabin.com\\\/\",\"name\":\"Covertcabin\",\"description\":\"Location de cabanes hors r\u00e9seau en P\u00e9rigord Vert\",\"publisher\":{\"@id\":\"https:\\\/\\\/covertcabin.com\\\/#organization\"},\"potentialAction\":[{\"@type\":\"SearchAction\",\"target\":{\"@type\":\"EntryPoint\",\"urlTemplate\":\"https:\\\/\\\/covertcabin.com\\\/?s={search_term_string}\"},\"query-input\":{\"@type\":\"PropertyValueSpecification\",\"valueRequired\":true,\"valueName\":\"search_term_string\"}}],\"inLanguage\":\"fr-FR\"},{\"@type\":\"Organization\",\"@id\":\"https:\\\/\\\/covertcabin.com\\\/#organization\",\"name\":\"Covertcabin\",\"url\":\"https:\\\/\\\/covertcabin.com\\\/\",\"logo\":{\"@type\":\"ImageObject\",\"inLanguage\":\"fr-FR\",\"@id\":\"https:\\\/\\\/covertcabin.com\\\/#\\\/schema\\\/logo\\\/image\\\/\",\"url\":\"https:\\\/\\\/covertcabin.com\\\/wp-content\\\/uploads\\\/2017\\\/03\\\/covert-cabin-logo.png\",\"contentUrl\":\"https:\\\/\\\/covertcabin.com\\\/wp-content\\\/uploads\\\/2017\\\/03\\\/covert-cabin-logo.png\",\"width\":910,\"height\":629,\"caption\":\"Covertcabin\"},\"image\":{\"@id\":\"https:\\\/\\\/covertcabin.com\\\/#\\\/schema\\\/logo\\\/image\\\/\"}}]}<\/script>\n<!-- \/ Yoast SEO plugin. -->","yoast_head_json":{"title":"Le Petit Rocher : Cabane Isol\u00e9e dans les Bois Pour 2 Personnes","robots":{"index":"index","follow":"follow","max-snippet":"max-snippet:-1","max-image-preview":"max-image-preview:large","max-video-preview":"max-video-preview:-1"},"canonical":"https:\/\/covertcabin.com\/fr\/petit-rocher\/","og_locale":"fr_FR","og_type":"article","og_title":"Le Petit Rocher : Cabane Isol\u00e9e dans les Bois Pour 2 Personnes","og_description":"Le confort et l\u2019isolement du Petit Rocher Suivez la route qui traverse la for\u00eat, qui se transforme d\u2019abord en chemin, puis ensuite en piste, et vous allez d\u00e9couvrir le monde perdu du Petit Rocher. Situ\u00e9 pr\u00e8s d\u2019un grand \u00e9tang, non loin d\u2019un jolie petit bassin, c\u2019est un oasis cach\u00e9 dans les bois. L\u00e0, vous verrez [&hellip;]","og_url":"https:\/\/covertcabin.com\/fr\/petit-rocher\/","og_site_name":"Covertcabin","article_modified_time":"2026-03-28T13:42:44+00:00","og_image":[{"width":2560,"height":947,"url":"https:\/\/covertcabin.com\/wp-content\/uploads\/2023\/07\/1B-banner-scaled.jpeg","type":"image\/jpeg"}],"twitter_card":"summary_large_image","twitter_misc":{"Dur\u00e9e de lecture estim\u00e9e":"3 minutes"},"schema":{"@context":"https:\/\/schema.org","@graph":[{"@type":"WebPage","@id":"https:\/\/covertcabin.com\/fr\/petit-rocher\/","url":"https:\/\/covertcabin.com\/fr\/petit-rocher\/","name":"Le Petit Rocher : Cabane Isol\u00e9e dans les Bois Pour 2 Personnes","isPartOf":{"@id":"https:\/\/covertcabin.com\/#website"},"primaryImageOfPage":{"@id":"https:\/\/covertcabin.com\/fr\/petit-rocher\/#primaryimage"},"image":{"@id":"https:\/\/covertcabin.com\/fr\/petit-rocher\/#primaryimage"},"thumbnailUrl":"https:\/\/covertcabin.com\/wp-content\/uploads\/2023\/07\/1B-banner-scaled.jpeg","datePublished":"2018-11-12T10:36:20+00:00","dateModified":"2026-03-28T13:42:44+00:00","breadcrumb":{"@id":"https:\/\/covertcabin.com\/fr\/petit-rocher\/#breadcrumb"},"inLanguage":"fr-FR","potentialAction":[{"@type":"ReadAction","target":["https:\/\/covertcabin.com\/fr\/petit-rocher\/"]}]},{"@type":"ImageObject","inLanguage":"fr-FR","@id":"https:\/\/covertcabin.com\/fr\/petit-rocher\/#primaryimage","url":"https:\/\/covertcabin.com\/wp-content\/uploads\/2023\/07\/1B-banner-scaled.jpeg","contentUrl":"https:\/\/covertcabin.com\/wp-content\/uploads\/2023\/07\/1B-banner-scaled.jpeg","width":2560,"height":947},{"@type":"BreadcrumbList","@id":"https:\/\/covertcabin.com\/fr\/petit-rocher\/#breadcrumb","itemListElement":[{"@type":"ListItem","position":1,"name":"Home","item":"https:\/\/covertcabin.com\/fr\/"},{"@type":"ListItem","position":2,"name":"Le Petit Rocher : Cabane Isol\u00e9e dans les Bois Pour 2 Personnes"}]},{"@type":"WebSite","@id":"https:\/\/covertcabin.com\/#website","url":"https:\/\/covertcabin.com\/","name":"Covertcabin","description":"Location de cabanes hors r\u00e9seau en P\u00e9rigord Vert","publisher":{"@id":"https:\/\/covertcabin.com\/#organization"},"potentialAction":[{"@type":"SearchAction","target":{"@type":"EntryPoint","urlTemplate":"https:\/\/covertcabin.com\/?s={search_term_string}"},"query-input":{"@type":"PropertyValueSpecification","valueRequired":true,"valueName":"search_term_string"}}],"inLanguage":"fr-FR"},{"@type":"Organization","@id":"https:\/\/covertcabin.com\/#organization","name":"Covertcabin","url":"https:\/\/covertcabin.com\/","logo":{"@type":"ImageObject","inLanguage":"fr-FR","@id":"https:\/\/covertcabin.com\/#\/schema\/logo\/image\/","url":"https:\/\/covertcabin.com\/wp-content\/uploads\/2017\/03\/covert-cabin-logo.png","contentUrl":"https:\/\/covertcabin.com\/wp-content\/uploads\/2017\/03\/covert-cabin-logo.png","width":910,"height":629,"caption":"Covertcabin"},"image":{"@id":"https:\/\/covertcabin.com\/#\/schema\/logo\/image\/"}}]}},"_links":{"self":[{"href":"https:\/\/covertcabin.com\/fr\/wp-json\/wp\/v2\/pages\/1263","targetHints":{"allow":["GET"]}}],"collection":[{"href":"https:\/\/covertcabin.com\/fr\/wp-json\/wp\/v2\/pages"}],"about":[{"href":"https:\/\/covertcabin.com\/fr\/wp-json\/wp\/v2\/types\/page"}],"author":[{"embeddable":true,"href":"https:\/\/covertcabin.com\/fr\/wp-json\/wp\/v2\/users\/1"}],"replies":[{"embeddable":true,"href":"https:\/\/covertcabin.com\/fr\/wp-json\/wp\/v2\/comments?post=1263"}],"version-history":[{"count":21,"href":"https:\/\/covertcabin.com\/fr\/wp-json\/wp\/v2\/pages\/1263\/revisions"}],"predecessor-version":[{"id":1967,"href":"https:\/\/covertcabin.com\/fr\/wp-json\/wp\/v2\/pages\/1263\/revisions\/1967"}],"wp:featuredmedia":[{"embeddable":true,"href":"https:\/\/covertcabin.com\/fr\/wp-json\/wp\/v2\/media\/1846"}],"wp:attachment":[{"href":"https:\/\/covertcabin.com\/fr\/wp-json\/wp\/v2\/media?parent=1263"}],"curies":[{"name":"wp","href":"https:\/\/api.w.org\/{rel}","templated":true}]}}